{"id":578,"date":"2026-03-12T18:44:13","date_gmt":"2026-03-12T17:44:13","guid":{"rendered":"https:\/\/www.keysbabo.com\/?page_id=578"},"modified":"2026-03-17T12:50:40","modified_gmt":"2026-03-17T11:50:40","slug":"cuvee","status":"publish","type":"page","link":"https:\/\/www.keysbabo.com\/en\/cuvee\/","title":{"rendered":"Cuvee"},"content":{"rendered":"<div data-elementor-type=\"wp-page\" data-elementor-id=\"578\" class=\"elementor elementor-578\" data-elementor-post-type=\"page\">\n\t\t\t\t<div class=\"elementor-element elementor-element-03b430a e-flex e-con-boxed e-con e-parent\" data-id=\"03b430a\" data-element_type=\"container\" data-e-type=\"container\">\n\t\t\t\t\t<div class=\"e-con-inner\">\n\t\t\t\t<div class=\"elementor-element elementor-element-ca14004 elementor-widget elementor-widget-spacer\" data-id=\"ca14004\" data-element_type=\"widget\" data-e-type=\"widget\" data-widget_type=\"spacer.default\">\n\t\t\t\t\t\t\t<div class=\"elementor-spacer\">\n\t\t\t<div class=\"elementor-spacer-inner\"><\/div>\n\t\t<\/div>\n\t\t\t\t\t\t<\/div>\n\t\t\t\t<div class=\"elementor-element elementor-element-980cfa4 elementor-widget elementor-widget-heading\" data-id=\"980cfa4\" data-element_type=\"widget\" data-e-type=\"widget\" data-widget_type=\"heading.default\">\n\t\t\t\t\t<h2 class=\"elementor-heading-title elementor-size-default\">Cuv\u00e9e<\/h2>\t\t\t\t<\/div>\n\t\t\t\t\t<\/div>\n\t\t\t\t<\/div>\n\t\t<div class=\"elementor-element elementor-element-59eb14e e-flex e-con-boxed e-con e-parent\" data-id=\"59eb14e\" data-element_type=\"container\" data-e-type=\"container\">\n\t\t\t\t\t<div class=\"e-con-inner\">\n\t\t\t\t<div class=\"elementor-element elementor-element-c0183a3 elementor-widget elementor-widget-spacer\" data-id=\"c0183a3\" data-element_type=\"widget\" data-e-type=\"widget\" data-widget_type=\"spacer.default\">\n\t\t\t\t\t\t\t<div class=\"elementor-spacer\">\n\t\t\t<div class=\"elementor-spacer-inner\"><\/div>\n\t\t<\/div>\n\t\t\t\t\t\t<\/div>\n\t\t\t\t\t<\/div>\n\t\t\t\t<\/div>\n\t\t<div class=\"elementor-element elementor-element-a3b55c4 e-flex e-con-boxed e-con e-parent\" data-id=\"a3b55c4\" data-element_type=\"container\" data-e-type=\"container\">\n\t\t\t\t\t<div class=\"e-con-inner\">\n\t\t\t\t<div class=\"elementor-element elementor-element-56f1e4f elementor-widget elementor-widget-gallery\" data-id=\"56f1e4f\" data-element_type=\"widget\" data-e-type=\"widget\" data-settings=\"{&quot;columns&quot;:2,&quot;gap&quot;:{&quot;unit&quot;:&quot;px&quot;,&quot;size&quot;:20,&quot;sizes&quot;:[]},&quot;lazyload&quot;:&quot;yes&quot;,&quot;gallery_layout&quot;:&quot;grid&quot;,&quot;columns_tablet&quot;:2,&quot;columns_mobile&quot;:1,&quot;gap_tablet&quot;:{&quot;unit&quot;:&quot;px&quot;,&quot;size&quot;:10,&quot;sizes&quot;:[]},&quot;gap_mobile&quot;:{&quot;unit&quot;:&quot;px&quot;,&quot;size&quot;:10,&quot;sizes&quot;:[]},&quot;link_to&quot;:&quot;file&quot;,&quot;aspect_ratio&quot;:&quot;3:2&quot;,&quot;overlay_background&quot;:&quot;yes&quot;,&quot;content_hover_animation&quot;:&quot;fade-in&quot;}\" data-widget_type=\"gallery.default\">\n\t\t\t\t\t\t\t<div class=\"elementor-gallery__container\">\n\t\t\t\t\t\t\t<a class=\"e-gallery-item elementor-gallery-item elementor-animated-content\" href=\"https:\/\/www.keysbabo.com\/wp-content\/uploads\/2026\/03\/Screenshot-2026-03-17-alle-07.06.36-1-scaled.png\" data-elementor-open-lightbox=\"yes\" data-elementor-lightbox-slideshow=\"56f1e4f\" data-e-action-hash=\"#elementor-action%3Aaction%3Dlightbox%26settings%3DeyJpZCI6MTA3MCwidXJsIjoiaHR0cHM6XC9cL3d3dy5rZXlzYmFiby5jb21cL3dwLWNvbnRlbnRcL3VwbG9hZHNcLzIwMjZcLzAzXC9TY3JlZW5zaG90LTIwMjYtMDMtMTctYWxsZS0wNy4wNi4zNi0xLXNjYWxlZC5wbmciLCJzbGlkZXNob3ciOiI1NmYxZTRmIn0%3D\">\n\t\t\t\t\t<div class=\"e-gallery-image elementor-gallery-item__image\" data-thumbnail=\"https:\/\/www.keysbabo.com\/wp-content\/uploads\/2026\/03\/Screenshot-2026-03-17-alle-07.06.36-1-scaled.png\" data-width=\"2560\" data-height=\"1629\" aria-label=\"\" role=\"img\" ><\/div>\n\t\t\t\t\t\t\t\t\t\t\t<div class=\"elementor-gallery-item__overlay\"><\/div>\n\t\t\t\t\t\t\t\t\t\t\t\t\t\t<\/a>\n\t\t\t\t\t\t\t<a class=\"e-gallery-item elementor-gallery-item elementor-animated-content\" href=\"https:\/\/www.keysbabo.com\/wp-content\/uploads\/2026\/03\/Screenshot-2026-03-17-alle-07.06.16-1-scaled.png\" data-elementor-open-lightbox=\"yes\" data-elementor-lightbox-slideshow=\"56f1e4f\" data-e-action-hash=\"#elementor-action%3Aaction%3Dlightbox%26settings%3DeyJpZCI6MTA3MSwidXJsIjoiaHR0cHM6XC9cL3d3dy5rZXlzYmFiby5jb21cL3dwLWNvbnRlbnRcL3VwbG9hZHNcLzIwMjZcLzAzXC9TY3JlZW5zaG90LTIwMjYtMDMtMTctYWxsZS0wNy4wNi4xNi0xLXNjYWxlZC5wbmciLCJzbGlkZXNob3ciOiI1NmYxZTRmIn0%3D\">\n\t\t\t\t\t<div class=\"e-gallery-image elementor-gallery-item__image\" data-thumbnail=\"https:\/\/www.keysbabo.com\/wp-content\/uploads\/2026\/03\/Screenshot-2026-03-17-alle-07.06.16-1-scaled.png\" data-width=\"2560\" data-height=\"1629\" aria-label=\"\" role=\"img\" ><\/div>\n\t\t\t\t\t\t\t\t\t\t\t<div class=\"elementor-gallery-item__overlay\"><\/div>\n\t\t\t\t\t\t\t\t\t\t\t\t\t\t<\/a>\n\t\t\t\t\t<\/div>\n\t\t\t\t\t<\/div>\n\t\t\t\t\t<\/div>\n\t\t\t\t<\/div>\n\t\t<div class=\"elementor-element elementor-element-90a356d e-flex e-con-boxed e-con e-parent\" data-id=\"90a356d\" data-element_type=\"container\" data-e-type=\"container\">\n\t\t\t\t\t<div class=\"e-con-inner\">\n\t\t\t\t<div class=\"elementor-element elementor-element-3ed48e7 elementor-widget elementor-widget-gallery\" data-id=\"3ed48e7\" data-element_type=\"widget\" data-e-type=\"widget\" data-settings=\"{&quot;gallery_layout&quot;:&quot;masonry&quot;,&quot;columns&quot;:3,&quot;gap&quot;:{&quot;unit&quot;:&quot;px&quot;,&quot;size&quot;:20,&quot;sizes&quot;:[]},&quot;lazyload&quot;:&quot;yes&quot;,&quot;columns_tablet&quot;:2,&quot;columns_mobile&quot;:1,&quot;gap_tablet&quot;:{&quot;unit&quot;:&quot;px&quot;,&quot;size&quot;:10,&quot;sizes&quot;:[]},&quot;gap_mobile&quot;:{&quot;unit&quot;:&quot;px&quot;,&quot;size&quot;:10,&quot;sizes&quot;:[]},&quot;link_to&quot;:&quot;file&quot;,&quot;overlay_background&quot;:&quot;yes&quot;,&quot;content_hover_animation&quot;:&quot;fade-in&quot;}\" data-widget_type=\"gallery.default\">\n\t\t\t\t\t\t\t<div class=\"elementor-gallery__container\">\n\t\t\t\t\t\t\t<a class=\"e-gallery-item elementor-gallery-item elementor-animated-content\" href=\"https:\/\/www.keysbabo.com\/wp-content\/uploads\/2026\/03\/Screenshot-2026-03-17-alle-07.06.41.png\" data-elementor-open-lightbox=\"yes\" data-elementor-lightbox-slideshow=\"3ed48e7\" data-e-action-hash=\"#elementor-action%3Aaction%3Dlightbox%26settings%3DeyJpZCI6MTA1OSwidXJsIjoiaHR0cHM6XC9cL3d3dy5rZXlzYmFiby5jb21cL3dwLWNvbnRlbnRcL3VwbG9hZHNcLzIwMjZcLzAzXC9TY3JlZW5zaG90LTIwMjYtMDMtMTctYWxsZS0wNy4wNi40MS5wbmciLCJzbGlkZXNob3ciOiIzZWQ0OGU3In0%3D\">\n\t\t\t\t\t<div class=\"e-gallery-image elementor-gallery-item__image\" data-thumbnail=\"https:\/\/www.keysbabo.com\/wp-content\/uploads\/2026\/03\/Screenshot-2026-03-17-alle-07.06.41-300x300.png\" data-width=\"300\" data-height=\"300\" aria-label=\"\" role=\"img\" ><\/div>\n\t\t\t\t\t\t\t\t\t\t\t<div class=\"elementor-gallery-item__overlay\"><\/div>\n\t\t\t\t\t\t\t\t\t\t\t\t\t\t<\/a>\n\t\t\t\t\t\t\t<a class=\"e-gallery-item elementor-gallery-item elementor-animated-content\" href=\"https:\/\/www.keysbabo.com\/wp-content\/uploads\/2026\/03\/Screenshot-2026-03-17-alle-07.06.53.png\" data-elementor-open-lightbox=\"yes\" data-elementor-lightbox-slideshow=\"3ed48e7\" data-e-action-hash=\"#elementor-action%3Aaction%3Dlightbox%26settings%3DeyJpZCI6MTA2MCwidXJsIjoiaHR0cHM6XC9cL3d3dy5rZXlzYmFiby5jb21cL3dwLWNvbnRlbnRcL3VwbG9hZHNcLzIwMjZcLzAzXC9TY3JlZW5zaG90LTIwMjYtMDMtMTctYWxsZS0wNy4wNi41My5wbmciLCJzbGlkZXNob3ciOiIzZWQ0OGU3In0%3D\">\n\t\t\t\t\t<div class=\"e-gallery-image elementor-gallery-item__image\" data-thumbnail=\"https:\/\/www.keysbabo.com\/wp-content\/uploads\/2026\/03\/Screenshot-2026-03-17-alle-07.06.53-300x300.png\" data-width=\"300\" data-height=\"300\" aria-label=\"\" role=\"img\" ><\/div>\n\t\t\t\t\t\t\t\t\t\t\t<div class=\"elementor-gallery-item__overlay\"><\/div>\n\t\t\t\t\t\t\t\t\t\t\t\t\t\t<\/a>\n\t\t\t\t\t\t\t<a class=\"e-gallery-item elementor-gallery-item elementor-animated-content\" href=\"https:\/\/www.keysbabo.com\/wp-content\/uploads\/2026\/03\/Screenshot-2026-03-17-alle-07.06.57.png\" data-elementor-open-lightbox=\"yes\" data-elementor-lightbox-slideshow=\"3ed48e7\" data-e-action-hash=\"#elementor-action%3Aaction%3Dlightbox%26settings%3DeyJpZCI6MTA2MSwidXJsIjoiaHR0cHM6XC9cL3d3dy5rZXlzYmFiby5jb21cL3dwLWNvbnRlbnRcL3VwbG9hZHNcLzIwMjZcLzAzXC9TY3JlZW5zaG90LTIwMjYtMDMtMTctYWxsZS0wNy4wNi41Ny5wbmciLCJzbGlkZXNob3ciOiIzZWQ0OGU3In0%3D\">\n\t\t\t\t\t<div class=\"e-gallery-image elementor-gallery-item__image\" data-thumbnail=\"https:\/\/www.keysbabo.com\/wp-content\/uploads\/2026\/03\/Screenshot-2026-03-17-alle-07.06.57-240x300.png\" data-width=\"240\" data-height=\"300\" aria-label=\"\" role=\"img\" ><\/div>\n\t\t\t\t\t\t\t\t\t\t\t<div class=\"elementor-gallery-item__overlay\"><\/div>\n\t\t\t\t\t\t\t\t\t\t\t\t\t\t<\/a>\n\t\t\t\t\t\t\t<a class=\"e-gallery-item elementor-gallery-item elementor-animated-content\" href=\"https:\/\/www.keysbabo.com\/wp-content\/uploads\/2026\/03\/Screenshot-2026-03-17-alle-07.07.09.png\" data-elementor-open-lightbox=\"yes\" data-elementor-lightbox-slideshow=\"3ed48e7\" data-e-action-hash=\"#elementor-action%3Aaction%3Dlightbox%26settings%3DeyJpZCI6MTA2MiwidXJsIjoiaHR0cHM6XC9cL3d3dy5rZXlzYmFiby5jb21cL3dwLWNvbnRlbnRcL3VwbG9hZHNcLzIwMjZcLzAzXC9TY3JlZW5zaG90LTIwMjYtMDMtMTctYWxsZS0wNy4wNy4wOS5wbmciLCJzbGlkZXNob3ciOiIzZWQ0OGU3In0%3D\">\n\t\t\t\t\t<div class=\"e-gallery-image elementor-gallery-item__image\" data-thumbnail=\"https:\/\/www.keysbabo.com\/wp-content\/uploads\/2026\/03\/Screenshot-2026-03-17-alle-07.07.09-300x300.png\" data-width=\"300\" data-height=\"300\" aria-label=\"\" role=\"img\" ><\/div>\n\t\t\t\t\t\t\t\t\t\t\t<div class=\"elementor-gallery-item__overlay\"><\/div>\n\t\t\t\t\t\t\t\t\t\t\t\t\t\t<\/a>\n\t\t\t\t\t\t\t<a class=\"e-gallery-item elementor-gallery-item elementor-animated-content\" href=\"https:\/\/www.keysbabo.com\/wp-content\/uploads\/2026\/03\/Screenshot-2026-03-17-alle-07.07.20.png\" data-elementor-open-lightbox=\"yes\" data-elementor-lightbox-slideshow=\"3ed48e7\" data-e-action-hash=\"#elementor-action%3Aaction%3Dlightbox%26settings%3DeyJpZCI6MTA2MywidXJsIjoiaHR0cHM6XC9cL3d3dy5rZXlzYmFiby5jb21cL3dwLWNvbnRlbnRcL3VwbG9hZHNcLzIwMjZcLzAzXC9TY3JlZW5zaG90LTIwMjYtMDMtMTctYWxsZS0wNy4wNy4yMC5wbmciLCJzbGlkZXNob3ciOiIzZWQ0OGU3In0%3D\">\n\t\t\t\t\t<div class=\"e-gallery-image elementor-gallery-item__image\" data-thumbnail=\"https:\/\/www.keysbabo.com\/wp-content\/uploads\/2026\/03\/Screenshot-2026-03-17-alle-07.07.20-240x300.png\" data-width=\"240\" data-height=\"300\" aria-label=\"\" role=\"img\" ><\/div>\n\t\t\t\t\t\t\t\t\t\t\t<div class=\"elementor-gallery-item__overlay\"><\/div>\n\t\t\t\t\t\t\t\t\t\t\t\t\t\t<\/a>\n\t\t\t\t\t<\/div>\n\t\t\t\t\t<\/div>\n\t\t\t\t\t<\/div>\n\t\t\t\t<\/div>\n\t\t<div class=\"elementor-element elementor-element-cb1a144 e-flex e-con-boxed e-con e-parent\" data-id=\"cb1a144\" data-element_type=\"container\" data-e-type=\"container\">\n\t\t\t\t\t<div class=\"e-con-inner\">\n\t\t\t\t<div class=\"elementor-element elementor-element-d1c5ba1 elementor-widget elementor-widget-spacer\" data-id=\"d1c5ba1\" data-element_type=\"widget\" data-e-type=\"widget\" data-widget_type=\"spacer.default\">\n\t\t\t\t\t\t\t<div class=\"elementor-spacer\">\n\t\t\t<div class=\"elementor-spacer-inner\"><\/div>\n\t\t<\/div>\n\t\t\t\t\t\t<\/div>\n\t\t\t\t\t<\/div>\n\t\t\t\t<\/div>\n\t\t<div class=\"elementor-element elementor-element-53b9554 e-flex e-con-boxed e-con e-parent\" data-id=\"53b9554\" data-element_type=\"container\" data-e-type=\"container\">\n\t\t\t\t\t<div class=\"e-con-inner\">\n\t\t\t\t<div class=\"elementor-element elementor-element-46b5c6a elementor-widget elementor-widget-text-editor\" data-id=\"46b5c6a\" data-element_type=\"widget\" data-e-type=\"widget\" data-widget_type=\"text-editor.default\">\n\t\t\t\t\t\t\t\t\t<p style=\"font-weight: 400;\"><i>Nata con la volont\u00e0 di proporre un gusto classico rivisitato in chiave moderna, la nuova Cuv\u00e9e \u00e8 l\u2019espressione di uno stile che unisce tutta la forza della tradizione con l\u2019essenzialit\u00e0 del linguaggio contemporaneo, tutta la solidit\u00e0 di materiali come marmo, ottone, metallo, con la leggerezza delle linee moderne. Il pi\u00f9 raffinato connubio tra il classico e l\u2019attuale.&nbsp;Lo sguardo viene catturato dal design delle ante: di grande eleganza, con la loro cornice sottile dalla delicata finitura laccata opaca, rigorose, pulite, che ben si coordinano con il design minimale delle maniglie. Una scelta decisa per il piano, con lavello integrato, che cattura l\u2019attenzione grazie all\u2019inconfondibile nuance del marmo travertino, abbinato alle diverse tonalit\u00e0 di verde che caratterizzano i vari moduli. Ed ancora colpisce l\u2019abbinamento, armonioso per colori e materiali, con la boiserie, laccata e con una finitura metallica ossidata che le conferisce un effetto cromatico quasi \u201cspatolato\u201d.&nbsp;<\/i><\/p>\n<p style=\"font-weight: 400;\"><i>La cucina \u00e8 versatile e personalizzabile, grazie alla ricca materioteca di Key Cucine.&nbsp;<br>Ecco, quindi, la Cuv\u00e9e, una miscela perfetta. Cos\u00ec come un buon vino \u00e8 l\u2019equilibrio tra uve diverse, tra quantit\u00e0 e ingredienti, un buon design \u00e8 la combinazione di materia e pensiero.<\/i><\/p>\n<h5><strong><br><\/strong><\/h5><h5><strong>DESIGNER<\/strong><\/h5>\n<p style=\"font-weight: 400;\">Nevio Tellatin and Anita Brotto<\/p>\n<h5><strong><br><\/strong><\/h5><h5><strong>THE UNIQUE DETAIL<\/strong><\/h5>\n<p style=\"font-weight: 400;\">La cornice delle ante \u00e8 concepita per conferire equilibrio e armonia all\u2019intera composizione.<\/p>\n<h5><strong><br><\/strong><\/h5><h5><strong>MATERIALS<\/strong><\/h5>\n<p style=\"font-weight: 400;\">Marmo travertino, bronzo brunito, laccatura opaca.<\/p>\t\t\t\t\t\t\t\t<\/div>\n\t\t\t\t\t<\/div>\n\t\t\t\t<\/div>\n\t\t\t\t<\/div>","protected":false},"excerpt":{"rendered":"<p>Cuv\u00e9e Nata con la volont\u00e0 di proporre un gusto classico rivisitato in chiave moderna, la nuova Cuv\u00e9e \u00e8 l\u2019espressione di uno stile che unisce tutta la forza della tradizione con l\u2019essenzialit\u00e0 del linguaggio contemporaneo, tutta la solidit\u00e0 di materiali come marmo, ottone, metallo, con la leggerezza delle linee moderne. Il pi\u00f9 raffinato connubio tra il [&hellip;]<\/p>\n","protected":false},"author":1,"featured_media":0,"parent":0,"menu_order":0,"comment_status":"closed","ping_status":"closed","template":"","meta":{"footnotes":""},"class_list":["post-578","page","type-page","status-publish","hentry"],"_links":{"self":[{"href":"https:\/\/www.keysbabo.com\/en\/wp-json\/wp\/v2\/pages\/578","targetHints":{"allow":["GET"]}}],"collection":[{"href":"https:\/\/www.keysbabo.com\/en\/wp-json\/wp\/v2\/pages"}],"about":[{"href":"https:\/\/www.keysbabo.com\/en\/wp-json\/wp\/v2\/types\/page"}],"author":[{"embeddable":true,"href":"https:\/\/www.keysbabo.com\/en\/wp-json\/wp\/v2\/users\/1"}],"replies":[{"embeddable":true,"href":"https:\/\/www.keysbabo.com\/en\/wp-json\/wp\/v2\/comments?post=578"}],"version-history":[{"count":35,"href":"https:\/\/www.keysbabo.com\/en\/wp-json\/wp\/v2\/pages\/578\/revisions"}],"predecessor-version":[{"id":1096,"href":"https:\/\/www.keysbabo.com\/en\/wp-json\/wp\/v2\/pages\/578\/revisions\/1096"}],"wp:attachment":[{"href":"https:\/\/www.keysbabo.com\/en\/wp-json\/wp\/v2\/media?parent=578"}],"curies":[{"name":"wp","href":"https:\/\/api.w.org\/{rel}","templated":true}]}}