{"id":1222,"date":"2026-04-09T10:58:39","date_gmt":"2026-04-09T08:58:39","guid":{"rendered":"https:\/\/www.keysbabo.com\/?page_id=1222"},"modified":"2026-04-09T11:06:22","modified_gmt":"2026-04-09T09:06:22","slug":"eco","status":"publish","type":"page","link":"https:\/\/www.keysbabo.com\/en\/eco\/","title":{"rendered":"Eco"},"content":{"rendered":"<div data-elementor-type=\"wp-page\" data-elementor-id=\"1222\" class=\"elementor elementor-1222\" data-elementor-post-type=\"page\">\n\t\t\t\t<div class=\"elementor-element elementor-element-03b430a e-flex e-con-boxed e-con e-parent\" data-id=\"03b430a\" data-element_type=\"container\" data-e-type=\"container\">\n\t\t\t\t\t<div class=\"e-con-inner\">\n\t\t\t\t<div class=\"elementor-element elementor-element-ca14004 elementor-widget elementor-widget-spacer\" data-id=\"ca14004\" data-element_type=\"widget\" data-e-type=\"widget\" data-widget_type=\"spacer.default\">\n\t\t\t\t\t\t\t<div class=\"elementor-spacer\">\n\t\t\t<div class=\"elementor-spacer-inner\"><\/div>\n\t\t<\/div>\n\t\t\t\t\t\t<\/div>\n\t\t\t\t<div class=\"elementor-element elementor-element-980cfa4 elementor-widget elementor-widget-heading\" data-id=\"980cfa4\" data-element_type=\"widget\" data-e-type=\"widget\" data-widget_type=\"heading.default\">\n\t\t\t\t\t<h2 class=\"elementor-heading-title elementor-size-default\">Eco<\/h2>\t\t\t\t<\/div>\n\t\t\t\t\t<\/div>\n\t\t\t\t<\/div>\n\t\t<div class=\"elementor-element elementor-element-59eb14e e-flex e-con-boxed e-con e-parent\" data-id=\"59eb14e\" data-element_type=\"container\" data-e-type=\"container\">\n\t\t\t\t\t<div class=\"e-con-inner\">\n\t\t\t\t<div class=\"elementor-element elementor-element-c0183a3 elementor-widget elementor-widget-spacer\" data-id=\"c0183a3\" data-element_type=\"widget\" data-e-type=\"widget\" data-widget_type=\"spacer.default\">\n\t\t\t\t\t\t\t<div class=\"elementor-spacer\">\n\t\t\t<div class=\"elementor-spacer-inner\"><\/div>\n\t\t<\/div>\n\t\t\t\t\t\t<\/div>\n\t\t\t\t\t<\/div>\n\t\t\t\t<\/div>\n\t\t<div class=\"elementor-element elementor-element-a3b55c4 e-flex e-con-boxed e-con e-parent\" data-id=\"a3b55c4\" data-element_type=\"container\" data-e-type=\"container\">\n\t\t\t\t\t<div class=\"e-con-inner\">\n\t\t\t\t<div class=\"elementor-element elementor-element-56f1e4f elementor-widget elementor-widget-gallery\" data-id=\"56f1e4f\" data-element_type=\"widget\" data-e-type=\"widget\" data-settings=\"{&quot;columns&quot;:2,&quot;gap&quot;:{&quot;unit&quot;:&quot;px&quot;,&quot;size&quot;:20,&quot;sizes&quot;:[]},&quot;lazyload&quot;:&quot;yes&quot;,&quot;gallery_layout&quot;:&quot;grid&quot;,&quot;columns_tablet&quot;:2,&quot;columns_mobile&quot;:1,&quot;gap_tablet&quot;:{&quot;unit&quot;:&quot;px&quot;,&quot;size&quot;:10,&quot;sizes&quot;:[]},&quot;gap_mobile&quot;:{&quot;unit&quot;:&quot;px&quot;,&quot;size&quot;:10,&quot;sizes&quot;:[]},&quot;link_to&quot;:&quot;file&quot;,&quot;aspect_ratio&quot;:&quot;3:2&quot;,&quot;overlay_background&quot;:&quot;yes&quot;,&quot;content_hover_animation&quot;:&quot;fade-in&quot;}\" data-widget_type=\"gallery.default\">\n\t\t\t\t\t\t\t<div class=\"elementor-gallery__container\">\n\t\t\t\t\t\t\t<a class=\"e-gallery-item elementor-gallery-item elementor-animated-content\" href=\"https:\/\/www.keysbabo.com\/wp-content\/uploads\/2026\/04\/Screenshot-2026-04-09-alle-11.00.25.png\" data-elementor-open-lightbox=\"yes\" data-elementor-lightbox-slideshow=\"56f1e4f\" data-e-action-hash=\"#elementor-action%3Aaction%3Dlightbox%26settings%3DeyJpZCI6MTQ2MywidXJsIjoiaHR0cHM6XC9cL3d3dy5rZXlzYmFiby5jb21cL3dwLWNvbnRlbnRcL3VwbG9hZHNcLzIwMjZcLzA0XC9TY3JlZW5zaG90LTIwMjYtMDQtMDktYWxsZS0xMS4wMC4yNS5wbmciLCJzbGlkZXNob3ciOiI1NmYxZTRmIn0%3D\">\n\t\t\t\t\t<div class=\"e-gallery-image elementor-gallery-item__image\" data-thumbnail=\"https:\/\/www.keysbabo.com\/wp-content\/uploads\/2026\/04\/Screenshot-2026-04-09-alle-11.00.25.png\" data-width=\"2504\" data-height=\"1770\" aria-label=\"\" role=\"img\" ><\/div>\n\t\t\t\t\t\t\t\t\t\t\t<div class=\"elementor-gallery-item__overlay\"><\/div>\n\t\t\t\t\t\t\t\t\t\t\t\t\t\t<\/a>\n\t\t\t\t\t\t\t<a class=\"e-gallery-item elementor-gallery-item elementor-animated-content\" href=\"https:\/\/www.keysbabo.com\/wp-content\/uploads\/2026\/04\/Screenshot-2026-04-09-alle-11.01.51.png\" data-elementor-open-lightbox=\"yes\" data-elementor-lightbox-slideshow=\"56f1e4f\" data-e-action-hash=\"#elementor-action%3Aaction%3Dlightbox%26settings%3DeyJpZCI6MTQ1MywidXJsIjoiaHR0cHM6XC9cL3d3dy5rZXlzYmFiby5jb21cL3dwLWNvbnRlbnRcL3VwbG9hZHNcLzIwMjZcLzA0XC9TY3JlZW5zaG90LTIwMjYtMDQtMDktYWxsZS0xMS4wMS41MS5wbmciLCJzbGlkZXNob3ciOiI1NmYxZTRmIn0%3D\">\n\t\t\t\t\t<div class=\"e-gallery-image elementor-gallery-item__image\" data-thumbnail=\"https:\/\/www.keysbabo.com\/wp-content\/uploads\/2026\/04\/Screenshot-2026-04-09-alle-11.01.51.png\" data-width=\"1530\" data-height=\"1770\" aria-label=\"\" role=\"img\" ><\/div>\n\t\t\t\t\t\t\t\t\t\t\t<div class=\"elementor-gallery-item__overlay\"><\/div>\n\t\t\t\t\t\t\t\t\t\t\t\t\t\t<\/a>\n\t\t\t\t\t<\/div>\n\t\t\t\t\t<\/div>\n\t\t\t\t\t<\/div>\n\t\t\t\t<\/div>\n\t\t<div class=\"elementor-element elementor-element-90a356d e-flex e-con-boxed e-con e-parent\" data-id=\"90a356d\" data-element_type=\"container\" data-e-type=\"container\">\n\t\t\t\t\t<div class=\"e-con-inner\">\n\t\t\t\t<div class=\"elementor-element elementor-element-3ed48e7 elementor-widget elementor-widget-gallery\" data-id=\"3ed48e7\" data-element_type=\"widget\" data-e-type=\"widget\" data-settings=\"{&quot;gallery_layout&quot;:&quot;masonry&quot;,&quot;columns&quot;:3,&quot;gap&quot;:{&quot;unit&quot;:&quot;px&quot;,&quot;size&quot;:20,&quot;sizes&quot;:[]},&quot;lazyload&quot;:&quot;yes&quot;,&quot;columns_tablet&quot;:2,&quot;columns_mobile&quot;:1,&quot;gap_tablet&quot;:{&quot;unit&quot;:&quot;px&quot;,&quot;size&quot;:10,&quot;sizes&quot;:[]},&quot;gap_mobile&quot;:{&quot;unit&quot;:&quot;px&quot;,&quot;size&quot;:10,&quot;sizes&quot;:[]},&quot;link_to&quot;:&quot;file&quot;,&quot;overlay_background&quot;:&quot;yes&quot;,&quot;content_hover_animation&quot;:&quot;fade-in&quot;}\" data-widget_type=\"gallery.default\">\n\t\t\t\t\t\t\t<div class=\"elementor-gallery__container\">\n\t\t\t\t\t\t\t<a class=\"e-gallery-item elementor-gallery-item elementor-animated-content\" href=\"https:\/\/www.keysbabo.com\/wp-content\/uploads\/2026\/04\/Screenshot-2026-04-09-alle-11.00.36.png\" data-elementor-open-lightbox=\"yes\" data-elementor-lightbox-slideshow=\"3ed48e7\" data-e-action-hash=\"#elementor-action%3Aaction%3Dlightbox%26settings%3DeyJpZCI6MTQ2MiwidXJsIjoiaHR0cHM6XC9cL3d3dy5rZXlzYmFiby5jb21cL3dwLWNvbnRlbnRcL3VwbG9hZHNcLzIwMjZcLzA0XC9TY3JlZW5zaG90LTIwMjYtMDQtMDktYWxsZS0xMS4wMC4zNi5wbmciLCJzbGlkZXNob3ciOiIzZWQ0OGU3In0%3D\">\n\t\t\t\t\t<div class=\"e-gallery-image elementor-gallery-item__image\" data-thumbnail=\"https:\/\/www.keysbabo.com\/wp-content\/uploads\/2026\/04\/Screenshot-2026-04-09-alle-11.00.36.png\" data-width=\"1510\" data-height=\"1770\" aria-label=\"\" role=\"img\" ><\/div>\n\t\t\t\t\t\t\t\t\t\t\t<div class=\"elementor-gallery-item__overlay\"><\/div>\n\t\t\t\t\t\t\t\t\t\t\t\t\t\t<\/a>\n\t\t\t\t\t\t\t<a class=\"e-gallery-item elementor-gallery-item elementor-animated-content\" href=\"https:\/\/www.keysbabo.com\/wp-content\/uploads\/2026\/04\/Screenshot-2026-04-09-alle-11.00.46.png\" data-elementor-open-lightbox=\"yes\" data-elementor-lightbox-slideshow=\"3ed48e7\" data-e-action-hash=\"#elementor-action%3Aaction%3Dlightbox%26settings%3DeyJpZCI6MTQ2MSwidXJsIjoiaHR0cHM6XC9cL3d3dy5rZXlzYmFiby5jb21cL3dwLWNvbnRlbnRcL3VwbG9hZHNcLzIwMjZcLzA0XC9TY3JlZW5zaG90LTIwMjYtMDQtMDktYWxsZS0xMS4wMC40Ni5wbmciLCJzbGlkZXNob3ciOiIzZWQ0OGU3In0%3D\">\n\t\t\t\t\t<div class=\"e-gallery-image elementor-gallery-item__image\" data-thumbnail=\"https:\/\/www.keysbabo.com\/wp-content\/uploads\/2026\/04\/Screenshot-2026-04-09-alle-11.00.46.png\" data-width=\"1162\" data-height=\"1770\" aria-label=\"\" role=\"img\" ><\/div>\n\t\t\t\t\t\t\t\t\t\t\t<div class=\"elementor-gallery-item__overlay\"><\/div>\n\t\t\t\t\t\t\t\t\t\t\t\t\t\t<\/a>\n\t\t\t\t\t\t\t<a class=\"e-gallery-item elementor-gallery-item elementor-animated-content\" href=\"https:\/\/www.keysbabo.com\/wp-content\/uploads\/2026\/04\/Screenshot-2026-04-09-alle-11.00.54.png\" data-elementor-open-lightbox=\"yes\" data-elementor-lightbox-slideshow=\"3ed48e7\" data-e-action-hash=\"#elementor-action%3Aaction%3Dlightbox%26settings%3DeyJpZCI6MTQ2MCwidXJsIjoiaHR0cHM6XC9cL3d3dy5rZXlzYmFiby5jb21cL3dwLWNvbnRlbnRcL3VwbG9hZHNcLzIwMjZcLzA0XC9TY3JlZW5zaG90LTIwMjYtMDQtMDktYWxsZS0xMS4wMC41NC5wbmciLCJzbGlkZXNob3ciOiIzZWQ0OGU3In0%3D\">\n\t\t\t\t\t<div class=\"e-gallery-image elementor-gallery-item__image\" data-thumbnail=\"https:\/\/www.keysbabo.com\/wp-content\/uploads\/2026\/04\/Screenshot-2026-04-09-alle-11.00.54.png\" data-width=\"1358\" data-height=\"1770\" aria-label=\"\" role=\"img\" ><\/div>\n\t\t\t\t\t\t\t\t\t\t\t<div class=\"elementor-gallery-item__overlay\"><\/div>\n\t\t\t\t\t\t\t\t\t\t\t\t\t\t<\/a>\n\t\t\t\t\t\t\t<a class=\"e-gallery-item elementor-gallery-item elementor-animated-content\" href=\"https:\/\/www.keysbabo.com\/wp-content\/uploads\/2026\/04\/Screenshot-2026-04-09-alle-11.01.03.png\" data-elementor-open-lightbox=\"yes\" data-elementor-lightbox-slideshow=\"3ed48e7\" data-e-action-hash=\"#elementor-action%3Aaction%3Dlightbox%26settings%3DeyJpZCI6MTQ1OSwidXJsIjoiaHR0cHM6XC9cL3d3dy5rZXlzYmFiby5jb21cL3dwLWNvbnRlbnRcL3VwbG9hZHNcLzIwMjZcLzA0XC9TY3JlZW5zaG90LTIwMjYtMDQtMDktYWxsZS0xMS4wMS4wMy5wbmciLCJzbGlkZXNob3ciOiIzZWQ0OGU3In0%3D\">\n\t\t\t\t\t<div class=\"e-gallery-image elementor-gallery-item__image\" data-thumbnail=\"https:\/\/www.keysbabo.com\/wp-content\/uploads\/2026\/04\/Screenshot-2026-04-09-alle-11.01.03.png\" data-width=\"1850\" data-height=\"1770\" aria-label=\"\" role=\"img\" ><\/div>\n\t\t\t\t\t\t\t\t\t\t\t<div class=\"elementor-gallery-item__overlay\"><\/div>\n\t\t\t\t\t\t\t\t\t\t\t\t\t\t<\/a>\n\t\t\t\t\t\t\t<a class=\"e-gallery-item elementor-gallery-item elementor-animated-content\" href=\"https:\/\/www.keysbabo.com\/wp-content\/uploads\/2026\/04\/Screenshot-2026-04-09-alle-11.01.12.png\" data-elementor-open-lightbox=\"yes\" data-elementor-lightbox-slideshow=\"3ed48e7\" data-e-action-hash=\"#elementor-action%3Aaction%3Dlightbox%26settings%3DeyJpZCI6MTQ1OCwidXJsIjoiaHR0cHM6XC9cL3d3dy5rZXlzYmFiby5jb21cL3dwLWNvbnRlbnRcL3VwbG9hZHNcLzIwMjZcLzA0XC9TY3JlZW5zaG90LTIwMjYtMDQtMDktYWxsZS0xMS4wMS4xMi5wbmciLCJzbGlkZXNob3ciOiIzZWQ0OGU3In0%3D\">\n\t\t\t\t\t<div class=\"e-gallery-image elementor-gallery-item__image\" data-thumbnail=\"https:\/\/www.keysbabo.com\/wp-content\/uploads\/2026\/04\/Screenshot-2026-04-09-alle-11.01.12.png\" data-width=\"1850\" data-height=\"1770\" aria-label=\"\" role=\"img\" ><\/div>\n\t\t\t\t\t\t\t\t\t\t\t<div class=\"elementor-gallery-item__overlay\"><\/div>\n\t\t\t\t\t\t\t\t\t\t\t\t\t\t<\/a>\n\t\t\t\t\t\t\t<a class=\"e-gallery-item elementor-gallery-item elementor-animated-content\" href=\"https:\/\/www.keysbabo.com\/wp-content\/uploads\/2026\/04\/Screenshot-2026-04-09-alle-11.01.16.png\" data-elementor-open-lightbox=\"yes\" data-elementor-lightbox-slideshow=\"3ed48e7\" data-e-action-hash=\"#elementor-action%3Aaction%3Dlightbox%26settings%3DeyJpZCI6MTQ1NywidXJsIjoiaHR0cHM6XC9cL3d3dy5rZXlzYmFiby5jb21cL3dwLWNvbnRlbnRcL3VwbG9hZHNcLzIwMjZcLzA0XC9TY3JlZW5zaG90LTIwMjYtMDQtMDktYWxsZS0xMS4wMS4xNi5wbmciLCJzbGlkZXNob3ciOiIzZWQ0OGU3In0%3D\">\n\t\t\t\t\t<div class=\"e-gallery-image elementor-gallery-item__image\" data-thumbnail=\"https:\/\/www.keysbabo.com\/wp-content\/uploads\/2026\/04\/Screenshot-2026-04-09-alle-11.01.16.png\" data-width=\"2482\" data-height=\"1770\" aria-label=\"\" role=\"img\" ><\/div>\n\t\t\t\t\t\t\t\t\t\t\t<div class=\"elementor-gallery-item__overlay\"><\/div>\n\t\t\t\t\t\t\t\t\t\t\t\t\t\t<\/a>\n\t\t\t\t\t\t\t<a class=\"e-gallery-item elementor-gallery-item elementor-animated-content\" href=\"https:\/\/www.keysbabo.com\/wp-content\/uploads\/2026\/04\/Screenshot-2026-04-09-alle-11.01.25.png\" data-elementor-open-lightbox=\"yes\" data-elementor-lightbox-slideshow=\"3ed48e7\" data-e-action-hash=\"#elementor-action%3Aaction%3Dlightbox%26settings%3DeyJpZCI6MTQ1NiwidXJsIjoiaHR0cHM6XC9cL3d3dy5rZXlzYmFiby5jb21cL3dwLWNvbnRlbnRcL3VwbG9hZHNcLzIwMjZcLzA0XC9TY3JlZW5zaG90LTIwMjYtMDQtMDktYWxsZS0xMS4wMS4yNS5wbmciLCJzbGlkZXNob3ciOiIzZWQ0OGU3In0%3D\">\n\t\t\t\t\t<div class=\"e-gallery-image elementor-gallery-item__image\" data-thumbnail=\"https:\/\/www.keysbabo.com\/wp-content\/uploads\/2026\/04\/Screenshot-2026-04-09-alle-11.01.25.png\" data-width=\"1476\" data-height=\"1770\" aria-label=\"\" role=\"img\" ><\/div>\n\t\t\t\t\t\t\t\t\t\t\t<div class=\"elementor-gallery-item__overlay\"><\/div>\n\t\t\t\t\t\t\t\t\t\t\t\t\t\t<\/a>\n\t\t\t\t\t\t\t<a class=\"e-gallery-item elementor-gallery-item elementor-animated-content\" href=\"https:\/\/www.keysbabo.com\/wp-content\/uploads\/2026\/04\/Screenshot-2026-04-09-alle-11.01.35.png\" data-elementor-open-lightbox=\"yes\" data-elementor-lightbox-slideshow=\"3ed48e7\" data-e-action-hash=\"#elementor-action%3Aaction%3Dlightbox%26settings%3DeyJpZCI6MTQ1NSwidXJsIjoiaHR0cHM6XC9cL3d3dy5rZXlzYmFiby5jb21cL3dwLWNvbnRlbnRcL3VwbG9hZHNcLzIwMjZcLzA0XC9TY3JlZW5zaG90LTIwMjYtMDQtMDktYWxsZS0xMS4wMS4zNS5wbmciLCJzbGlkZXNob3ciOiIzZWQ0OGU3In0%3D\">\n\t\t\t\t\t<div class=\"e-gallery-image elementor-gallery-item__image\" data-thumbnail=\"https:\/\/www.keysbabo.com\/wp-content\/uploads\/2026\/04\/Screenshot-2026-04-09-alle-11.01.35.png\" data-width=\"1358\" data-height=\"1770\" aria-label=\"\" role=\"img\" ><\/div>\n\t\t\t\t\t\t\t\t\t\t\t<div class=\"elementor-gallery-item__overlay\"><\/div>\n\t\t\t\t\t\t\t\t\t\t\t\t\t\t<\/a>\n\t\t\t\t\t\t\t<a class=\"e-gallery-item elementor-gallery-item elementor-animated-content\" href=\"https:\/\/www.keysbabo.com\/wp-content\/uploads\/2026\/04\/Screenshot-2026-04-09-alle-11.01.43.png\" data-elementor-open-lightbox=\"yes\" data-elementor-lightbox-slideshow=\"3ed48e7\" data-e-action-hash=\"#elementor-action%3Aaction%3Dlightbox%26settings%3DeyJpZCI6MTQ1NCwidXJsIjoiaHR0cHM6XC9cL3d3dy5rZXlzYmFiby5jb21cL3dwLWNvbnRlbnRcL3VwbG9hZHNcLzIwMjZcLzA0XC9TY3JlZW5zaG90LTIwMjYtMDQtMDktYWxsZS0xMS4wMS40My5wbmciLCJzbGlkZXNob3ciOiIzZWQ0OGU3In0%3D\">\n\t\t\t\t\t<div class=\"e-gallery-image elementor-gallery-item__image\" data-thumbnail=\"https:\/\/www.keysbabo.com\/wp-content\/uploads\/2026\/04\/Screenshot-2026-04-09-alle-11.01.43.png\" data-width=\"1140\" data-height=\"1770\" aria-label=\"\" role=\"img\" ><\/div>\n\t\t\t\t\t\t\t\t\t\t\t<div class=\"elementor-gallery-item__overlay\"><\/div>\n\t\t\t\t\t\t\t\t\t\t\t\t\t\t<\/a>\n\t\t\t\t\t<\/div>\n\t\t\t\t\t<\/div>\n\t\t\t\t\t<\/div>\n\t\t\t\t<\/div>\n\t\t<div class=\"elementor-element elementor-element-cb1a144 e-flex e-con-boxed e-con e-parent\" data-id=\"cb1a144\" data-element_type=\"container\" data-e-type=\"container\">\n\t\t\t\t\t<div class=\"e-con-inner\">\n\t\t\t\t<div class=\"elementor-element elementor-element-d1c5ba1 elementor-widget elementor-widget-spacer\" data-id=\"d1c5ba1\" data-element_type=\"widget\" data-e-type=\"widget\" data-widget_type=\"spacer.default\">\n\t\t\t\t\t\t\t<div class=\"elementor-spacer\">\n\t\t\t<div class=\"elementor-spacer-inner\"><\/div>\n\t\t<\/div>\n\t\t\t\t\t\t<\/div>\n\t\t\t\t\t<\/div>\n\t\t\t\t<\/div>\n\t\t<div class=\"elementor-element elementor-element-53b9554 e-flex e-con-boxed e-con e-parent\" data-id=\"53b9554\" data-element_type=\"container\" data-e-type=\"container\">\n\t\t\t\t\t<div class=\"e-con-inner\">\n\t\t\t\t<div class=\"elementor-element elementor-element-46b5c6a elementor-widget elementor-widget-text-editor\" data-id=\"46b5c6a\" data-element_type=\"widget\" data-e-type=\"widget\" data-widget_type=\"text-editor.default\">\n\t\t\t\t\t\t\t\t\t<p style=\"font-weight: 400;\"><em>Eco di Key Cucine \u00e8 figlio della passione per il design che incontra una nuova sensibilit\u00e0 ambientale. Eco \u00e8 il nostro progetto coraggioso per cucine design realizzate con materiali totalmente ecologici. Come il PaperStone<sup>\u00ae<\/sup>: composto da fibre ottenute da carta riciclata e resine non derivanti dal petrolio. Una soluzione sorprendente, rigorosa e al tempo stesso originale, con una superficie a scacchiera che esalta le qualit\u00e0 estetiche di un piano di lavoro creato con questo materiale innovativo.<\/em><\/p><h5><strong>\u00a0<\/strong><\/h5><h5><strong>DESIGNER<\/strong><\/h5><p style=\"font-weight: 400;\">Alessio Bassan<\/p><h5><strong>\u00a0<\/strong><\/h5><h5><strong>THE UNIQUE DETAIL<\/strong><\/h5><p style=\"font-weight: 400;\">Ante, pannelli e struttura in Paperstone\u00ae, un materiale innovativo ed ecologico, composto da fibre naturali ottenute da carta riciclata e da resine non derivanti dal petrolio, con emissioni pari a zero.<\/p><h5><strong>\u00a0<\/strong><\/h5><h5><strong>MATERIALS<\/strong><\/h5><p style=\"font-weight: 400;\">PaperStone<sup>\u00ae<\/sup><\/p>\t\t\t\t\t\t\t\t<\/div>\n\t\t\t\t\t<\/div>\n\t\t\t\t<\/div>\n\t\t\t\t<\/div>","protected":false},"excerpt":{"rendered":"<p>Eco Eco di Key Cucine \u00e8 figlio della passione per il design che incontra una nuova sensibilit\u00e0 ambientale. Eco \u00e8 il nostro progetto coraggioso per cucine design realizzate con materiali totalmente ecologici. Come il PaperStone\u00ae: composto da fibre ottenute da carta riciclata e resine non derivanti dal petrolio. Una soluzione sorprendente, rigorosa e al tempo [&hellip;]<\/p>\n","protected":false},"author":1,"featured_media":0,"parent":0,"menu_order":0,"comment_status":"closed","ping_status":"closed","template":"","meta":{"footnotes":""},"class_list":["post-1222","page","type-page","status-publish","hentry"],"_links":{"self":[{"href":"https:\/\/www.keysbabo.com\/en\/wp-json\/wp\/v2\/pages\/1222","targetHints":{"allow":["GET"]}}],"collection":[{"href":"https:\/\/www.keysbabo.com\/en\/wp-json\/wp\/v2\/pages"}],"about":[{"href":"https:\/\/www.keysbabo.com\/en\/wp-json\/wp\/v2\/types\/page"}],"author":[{"embeddable":true,"href":"https:\/\/www.keysbabo.com\/en\/wp-json\/wp\/v2\/users\/1"}],"replies":[{"embeddable":true,"href":"https:\/\/www.keysbabo.com\/en\/wp-json\/wp\/v2\/comments?post=1222"}],"version-history":[{"count":3,"href":"https:\/\/www.keysbabo.com\/en\/wp-json\/wp\/v2\/pages\/1222\/revisions"}],"predecessor-version":[{"id":1466,"href":"https:\/\/www.keysbabo.com\/en\/wp-json\/wp\/v2\/pages\/1222\/revisions\/1466"}],"wp:attachment":[{"href":"https:\/\/www.keysbabo.com\/en\/wp-json\/wp\/v2\/media?parent=1222"}],"curies":[{"name":"wp","href":"https:\/\/api.w.org\/{rel}","templated":true}]}}