{"id":1220,"date":"2026-04-09T11:07:49","date_gmt":"2026-04-09T09:07:49","guid":{"rendered":"https:\/\/www.keysbabo.com\/?page_id=1220"},"modified":"2026-04-09T11:11:58","modified_gmt":"2026-04-09T09:11:58","slug":"barrel","status":"publish","type":"page","link":"https:\/\/www.keysbabo.com\/en\/barrel\/","title":{"rendered":"Barrel"},"content":{"rendered":"<div data-elementor-type=\"wp-page\" data-elementor-id=\"1220\" class=\"elementor elementor-1220\" data-elementor-post-type=\"page\">\n\t\t\t\t<div class=\"elementor-element elementor-element-03b430a e-flex e-con-boxed e-con e-parent\" data-id=\"03b430a\" data-element_type=\"container\" data-e-type=\"container\">\n\t\t\t\t\t<div class=\"e-con-inner\">\n\t\t\t\t<div class=\"elementor-element elementor-element-ca14004 elementor-widget elementor-widget-spacer\" data-id=\"ca14004\" data-element_type=\"widget\" data-e-type=\"widget\" data-widget_type=\"spacer.default\">\n\t\t\t\t\t\t\t<div class=\"elementor-spacer\">\n\t\t\t<div class=\"elementor-spacer-inner\"><\/div>\n\t\t<\/div>\n\t\t\t\t\t\t<\/div>\n\t\t\t\t<div class=\"elementor-element elementor-element-980cfa4 elementor-widget elementor-widget-heading\" data-id=\"980cfa4\" data-element_type=\"widget\" data-e-type=\"widget\" data-widget_type=\"heading.default\">\n\t\t\t\t\t<h2 class=\"elementor-heading-title elementor-size-default\">Barrel<\/h2>\t\t\t\t<\/div>\n\t\t\t\t\t<\/div>\n\t\t\t\t<\/div>\n\t\t<div class=\"elementor-element elementor-element-59eb14e e-flex e-con-boxed e-con e-parent\" data-id=\"59eb14e\" data-element_type=\"container\" data-e-type=\"container\">\n\t\t\t\t\t<div class=\"e-con-inner\">\n\t\t\t\t<div class=\"elementor-element elementor-element-c0183a3 elementor-widget elementor-widget-spacer\" data-id=\"c0183a3\" data-element_type=\"widget\" data-e-type=\"widget\" data-widget_type=\"spacer.default\">\n\t\t\t\t\t\t\t<div class=\"elementor-spacer\">\n\t\t\t<div class=\"elementor-spacer-inner\"><\/div>\n\t\t<\/div>\n\t\t\t\t\t\t<\/div>\n\t\t\t\t\t<\/div>\n\t\t\t\t<\/div>\n\t\t<div class=\"elementor-element elementor-element-a3b55c4 e-flex e-con-boxed e-con e-parent\" data-id=\"a3b55c4\" data-element_type=\"container\" data-e-type=\"container\">\n\t\t\t\t\t<div class=\"e-con-inner\">\n\t\t\t\t<div class=\"elementor-element elementor-element-56f1e4f elementor-widget elementor-widget-gallery\" data-id=\"56f1e4f\" data-element_type=\"widget\" data-e-type=\"widget\" data-settings=\"{&quot;columns&quot;:1,&quot;gap&quot;:{&quot;unit&quot;:&quot;px&quot;,&quot;size&quot;:20,&quot;sizes&quot;:[]},&quot;lazyload&quot;:&quot;yes&quot;,&quot;gallery_layout&quot;:&quot;grid&quot;,&quot;columns_tablet&quot;:2,&quot;columns_mobile&quot;:1,&quot;gap_tablet&quot;:{&quot;unit&quot;:&quot;px&quot;,&quot;size&quot;:10,&quot;sizes&quot;:[]},&quot;gap_mobile&quot;:{&quot;unit&quot;:&quot;px&quot;,&quot;size&quot;:10,&quot;sizes&quot;:[]},&quot;link_to&quot;:&quot;file&quot;,&quot;aspect_ratio&quot;:&quot;3:2&quot;,&quot;overlay_background&quot;:&quot;yes&quot;,&quot;content_hover_animation&quot;:&quot;fade-in&quot;}\" data-widget_type=\"gallery.default\">\n\t\t\t\t\t\t\t<div class=\"elementor-gallery__container\">\n\t\t\t\t\t\t\t<a class=\"e-gallery-item elementor-gallery-item elementor-animated-content\" href=\"https:\/\/www.keysbabo.com\/wp-content\/uploads\/2026\/04\/Screenshot-2026-04-09-alle-11.07.43-scaled.png\" data-elementor-open-lightbox=\"yes\" data-elementor-lightbox-slideshow=\"56f1e4f\" data-e-action-hash=\"#elementor-action%3Aaction%3Dlightbox%26settings%3DeyJpZCI6MTQ3MSwidXJsIjoiaHR0cHM6XC9cL3d3dy5rZXlzYmFiby5jb21cL3dwLWNvbnRlbnRcL3VwbG9hZHNcLzIwMjZcLzA0XC9TY3JlZW5zaG90LTIwMjYtMDQtMDktYWxsZS0xMS4wNy40My1zY2FsZWQucG5nIiwic2xpZGVzaG93IjoiNTZmMWU0ZiJ9\">\n\t\t\t\t\t<div class=\"e-gallery-image elementor-gallery-item__image\" data-thumbnail=\"https:\/\/www.keysbabo.com\/wp-content\/uploads\/2026\/04\/Screenshot-2026-04-09-alle-11.07.43-scaled.png\" data-width=\"2560\" data-height=\"1551\" aria-label=\"\" role=\"img\" ><\/div>\n\t\t\t\t\t\t\t\t\t\t\t<div class=\"elementor-gallery-item__overlay\"><\/div>\n\t\t\t\t\t\t\t\t\t\t\t\t\t\t<\/a>\n\t\t\t\t\t<\/div>\n\t\t\t\t\t<\/div>\n\t\t\t\t\t<\/div>\n\t\t\t\t<\/div>\n\t\t<div class=\"elementor-element elementor-element-90a356d e-flex e-con-boxed e-con e-parent\" data-id=\"90a356d\" data-element_type=\"container\" data-e-type=\"container\">\n\t\t\t\t\t<div class=\"e-con-inner\">\n\t\t\t\t<div class=\"elementor-element elementor-element-3ed48e7 elementor-widget elementor-widget-gallery\" data-id=\"3ed48e7\" data-element_type=\"widget\" data-e-type=\"widget\" data-settings=\"{&quot;gallery_layout&quot;:&quot;masonry&quot;,&quot;columns&quot;:3,&quot;gap&quot;:{&quot;unit&quot;:&quot;px&quot;,&quot;size&quot;:20,&quot;sizes&quot;:[]},&quot;lazyload&quot;:&quot;yes&quot;,&quot;columns_tablet&quot;:2,&quot;columns_mobile&quot;:1,&quot;gap_tablet&quot;:{&quot;unit&quot;:&quot;px&quot;,&quot;size&quot;:10,&quot;sizes&quot;:[]},&quot;gap_mobile&quot;:{&quot;unit&quot;:&quot;px&quot;,&quot;size&quot;:10,&quot;sizes&quot;:[]},&quot;link_to&quot;:&quot;file&quot;,&quot;overlay_background&quot;:&quot;yes&quot;,&quot;content_hover_animation&quot;:&quot;fade-in&quot;}\" data-widget_type=\"gallery.default\">\n\t\t\t\t\t\t\t<div class=\"elementor-gallery__container\">\n\t\t\t\t\t\t\t<a class=\"e-gallery-item elementor-gallery-item elementor-animated-content\" href=\"https:\/\/www.keysbabo.com\/wp-content\/uploads\/2026\/04\/Screenshot-2026-04-09-alle-11.07.56-scaled.png\" data-elementor-open-lightbox=\"yes\" data-elementor-lightbox-slideshow=\"3ed48e7\" data-e-action-hash=\"#elementor-action%3Aaction%3Dlightbox%26settings%3DeyJpZCI6MTQ3MCwidXJsIjoiaHR0cHM6XC9cL3d3dy5rZXlzYmFiby5jb21cL3dwLWNvbnRlbnRcL3VwbG9hZHNcLzIwMjZcLzA0XC9TY3JlZW5zaG90LTIwMjYtMDQtMDktYWxsZS0xMS4wNy41Ni1zY2FsZWQucG5nIiwic2xpZGVzaG93IjoiM2VkNDhlNyJ9\">\n\t\t\t\t\t<div class=\"e-gallery-image elementor-gallery-item__image\" data-thumbnail=\"https:\/\/www.keysbabo.com\/wp-content\/uploads\/2026\/04\/Screenshot-2026-04-09-alle-11.07.56-300x182.png\" data-width=\"300\" data-height=\"182\" aria-label=\"\" role=\"img\" ><\/div>\n\t\t\t\t\t\t\t\t\t\t\t<div class=\"elementor-gallery-item__overlay\"><\/div>\n\t\t\t\t\t\t\t\t\t\t\t\t\t\t<\/a>\n\t\t\t\t\t\t\t<a class=\"e-gallery-item elementor-gallery-item elementor-animated-content\" href=\"https:\/\/www.keysbabo.com\/wp-content\/uploads\/2026\/04\/Screenshot-2026-04-09-alle-11.08.02.png\" data-elementor-open-lightbox=\"yes\" data-elementor-lightbox-slideshow=\"3ed48e7\" data-e-action-hash=\"#elementor-action%3Aaction%3Dlightbox%26settings%3DeyJpZCI6MTQ2OSwidXJsIjoiaHR0cHM6XC9cL3d3dy5rZXlzYmFiby5jb21cL3dwLWNvbnRlbnRcL3VwbG9hZHNcLzIwMjZcLzA0XC9TY3JlZW5zaG90LTIwMjYtMDQtMDktYWxsZS0xMS4wOC4wMi5wbmciLCJzbGlkZXNob3ciOiIzZWQ0OGU3In0%3D\">\n\t\t\t\t\t<div class=\"e-gallery-image elementor-gallery-item__image\" data-thumbnail=\"https:\/\/www.keysbabo.com\/wp-content\/uploads\/2026\/04\/Screenshot-2026-04-09-alle-11.08.02-245x300.png\" data-width=\"245\" data-height=\"300\" aria-label=\"\" role=\"img\" ><\/div>\n\t\t\t\t\t\t\t\t\t\t\t<div class=\"elementor-gallery-item__overlay\"><\/div>\n\t\t\t\t\t\t\t\t\t\t\t\t\t\t<\/a>\n\t\t\t\t\t\t\t<a class=\"e-gallery-item elementor-gallery-item elementor-animated-content\" href=\"https:\/\/www.keysbabo.com\/wp-content\/uploads\/2026\/04\/Screenshot-2026-04-09-alle-11.08.12.png\" data-elementor-open-lightbox=\"yes\" data-elementor-lightbox-slideshow=\"3ed48e7\" data-e-action-hash=\"#elementor-action%3Aaction%3Dlightbox%26settings%3DeyJpZCI6MTQ2OCwidXJsIjoiaHR0cHM6XC9cL3d3dy5rZXlzYmFiby5jb21cL3dwLWNvbnRlbnRcL3VwbG9hZHNcLzIwMjZcLzA0XC9TY3JlZW5zaG90LTIwMjYtMDQtMDktYWxsZS0xMS4wOC4xMi5wbmciLCJzbGlkZXNob3ciOiIzZWQ0OGU3In0%3D\">\n\t\t\t\t\t<div class=\"e-gallery-image elementor-gallery-item__image\" data-thumbnail=\"https:\/\/www.keysbabo.com\/wp-content\/uploads\/2026\/04\/Screenshot-2026-04-09-alle-11.08.12-245x300.png\" data-width=\"245\" data-height=\"300\" aria-label=\"\" role=\"img\" ><\/div>\n\t\t\t\t\t\t\t\t\t\t\t<div class=\"elementor-gallery-item__overlay\"><\/div>\n\t\t\t\t\t\t\t\t\t\t\t\t\t\t<\/a>\n\t\t\t\t\t\t\t<a class=\"e-gallery-item elementor-gallery-item elementor-animated-content\" href=\"https:\/\/www.keysbabo.com\/wp-content\/uploads\/2026\/04\/Screenshot-2026-04-09-alle-11.08.17.png\" data-elementor-open-lightbox=\"yes\" data-elementor-lightbox-slideshow=\"3ed48e7\" data-e-action-hash=\"#elementor-action%3Aaction%3Dlightbox%26settings%3DeyJpZCI6MTQ2NywidXJsIjoiaHR0cHM6XC9cL3d3dy5rZXlzYmFiby5jb21cL3dwLWNvbnRlbnRcL3VwbG9hZHNcLzIwMjZcLzA0XC9TY3JlZW5zaG90LTIwMjYtMDQtMDktYWxsZS0xMS4wOC4xNy5wbmciLCJzbGlkZXNob3ciOiIzZWQ0OGU3In0%3D\">\n\t\t\t\t\t<div class=\"e-gallery-image elementor-gallery-item__image\" data-thumbnail=\"https:\/\/www.keysbabo.com\/wp-content\/uploads\/2026\/04\/Screenshot-2026-04-09-alle-11.08.17-245x300.png\" data-width=\"245\" data-height=\"300\" aria-label=\"\" role=\"img\" ><\/div>\n\t\t\t\t\t\t\t\t\t\t\t<div class=\"elementor-gallery-item__overlay\"><\/div>\n\t\t\t\t\t\t\t\t\t\t\t\t\t\t<\/a>\n\t\t\t\t\t<\/div>\n\t\t\t\t\t<\/div>\n\t\t\t\t\t<\/div>\n\t\t\t\t<\/div>\n\t\t<div class=\"elementor-element elementor-element-cb1a144 e-flex e-con-boxed e-con e-parent\" data-id=\"cb1a144\" data-element_type=\"container\" data-e-type=\"container\">\n\t\t\t\t\t<div class=\"e-con-inner\">\n\t\t\t\t<div class=\"elementor-element elementor-element-d1c5ba1 elementor-widget elementor-widget-spacer\" data-id=\"d1c5ba1\" data-element_type=\"widget\" data-e-type=\"widget\" data-widget_type=\"spacer.default\">\n\t\t\t\t\t\t\t<div class=\"elementor-spacer\">\n\t\t\t<div class=\"elementor-spacer-inner\"><\/div>\n\t\t<\/div>\n\t\t\t\t\t\t<\/div>\n\t\t\t\t\t<\/div>\n\t\t\t\t<\/div>\n\t\t<div class=\"elementor-element elementor-element-53b9554 e-flex e-con-boxed e-con e-parent\" data-id=\"53b9554\" data-element_type=\"container\" data-e-type=\"container\">\n\t\t\t\t\t<div class=\"e-con-inner\">\n\t\t\t\t<div class=\"elementor-element elementor-element-46b5c6a elementor-widget elementor-widget-text-editor\" data-id=\"46b5c6a\" data-element_type=\"widget\" data-e-type=\"widget\" data-widget_type=\"text-editor.default\">\n\t\t\t\t\t\t\t\t\t<p><em>Nel segno della tradizione e della coerenza con il grande\u00a0<strong>heritage\u00a0aziendale<\/strong>\u00a0di Key Cucine,\u00a0<strong>nasce Barrel<\/strong>, la prima composizione in esterna dell\u2019azienda veneta.<\/em><\/p><p><em>La neonata cucina porta con s\u00e8 tutti i valori che da sempre contraddistinguono un\u2019azienda che ama definirsi \u201c<strong>artigiana industrializzata<\/strong>\u201d e che si caratterizza per realizzazioni dal\u00a0<strong>design minimalista<\/strong>\u00a0ed\u00a0<strong>essenziale<\/strong>, seppure sempre molto\u00a0<strong>eleganti<\/strong>.\u00a0<\/em><em style=\"text-align: var(--text-align);\">Il suo nome \u00e8 un richiamo concettuale, sofisticato ed originale, alla struttura della botte: concepita quest\u2019ultima con doghe concentriche esattamente come, nella cucina, il traverso orizzontale dell\u2019anta alla base dell\u2019isola, che tiene unite le doghe in prossimit\u00e0 della maniglia.<\/em><\/p><p><em>La composizione nasce per un\u00a0<strong>ambiente esterno ma coperto<\/strong>. Questa condizione ha consentito di progettare una cucina che rendesse il dehor, o il terrazzo della casa, un luogo accogliente, deputato alla socialit\u00e0, dove il confine tra interno ed esterno, tra area kitchen e area living, divenisse labile e quasi impercettibile.\u00a0<\/em><em style=\"text-align: var(--text-align);\">Il mobile cucina \u00e8 adattato per resistere agli agenti atmosferici ed in particolar modo all\u2019umidit\u00e0; i materiali impiegati sono selezionati per forza e capacit\u00e0 di non deperire:\u00a0<strong>acciaio e alluminio per le strutture e per il top, rovere trattato con vernici apposite per le ante<\/strong>. E da questa forza protettiva trae nuova coerenza il richiamo alla botte, lignea, forte e protettiva, felicemente abbinata alle sostanze liquide e all\u2019umidit\u00e0.<\/em><\/p><p><em><strong>La cucina, fin dal primo sguardo, colpisce per la sua bellezza, per un\u2019eleganza sobria e lineare<\/strong>, tanto che induce chi la guarda a pensare che potrebbe essere installata anche in un interno.\u00a0<\/em><em style=\"text-align: var(--text-align);\">Le due isole parallele sono separate da un modulo a mensole, che ne movimenta la linearit\u00e0. La prima isola \u00e8 attrezzata con il lavello, mentre la seconda \u00e8 dotata di un grande barbecue da incasso.\u00a0<\/em><\/p><h5><strong>\u00a0<\/strong><\/h5><h5><strong>THE UNIQUE DETAIL<\/strong><\/h5><p style=\"font-weight: 400;\"><strong>Eleganza sobria e lineare<\/strong>, tanto che induce chi la guarda a pensare che potrebbe essere installata anche in un interno.<\/p><h5><strong>\u00a0<\/strong><\/h5><h5><strong>MATERIALS<\/strong><\/h5><p style=\"font-weight: 400;\"><strong>Acciaio e alluminio per le strutture e per il top, rovere trattato con vernici apposite per le ante<\/strong>. E da questa forza protettiva trae nuova coerenza il richiamo alla botte, lignea, forte e protettiva, felicemente abbinata alle sostanze liquide e all\u2019umidit\u00e0.<\/p>\t\t\t\t\t\t\t\t<\/div>\n\t\t\t\t\t<\/div>\n\t\t\t\t<\/div>\n\t\t\t\t<\/div>","protected":false},"excerpt":{"rendered":"<p>Barrel Nel segno della tradizione e della coerenza con il grande\u00a0heritage\u00a0aziendale\u00a0di Key Cucine,\u00a0nasce Barrel, la prima composizione in esterna dell\u2019azienda veneta. La neonata cucina porta con s\u00e8 tutti i valori che da sempre contraddistinguono un\u2019azienda che ama definirsi \u201cartigiana industrializzata\u201d e che si caratterizza per realizzazioni dal\u00a0design minimalista\u00a0ed\u00a0essenziale, seppure sempre molto\u00a0eleganti.\u00a0Il suo nome \u00e8 un [&hellip;]<\/p>\n","protected":false},"author":1,"featured_media":0,"parent":0,"menu_order":0,"comment_status":"closed","ping_status":"closed","template":"","meta":{"footnotes":""},"class_list":["post-1220","page","type-page","status-publish","hentry"],"_links":{"self":[{"href":"https:\/\/www.keysbabo.com\/en\/wp-json\/wp\/v2\/pages\/1220","targetHints":{"allow":["GET"]}}],"collection":[{"href":"https:\/\/www.keysbabo.com\/en\/wp-json\/wp\/v2\/pages"}],"about":[{"href":"https:\/\/www.keysbabo.com\/en\/wp-json\/wp\/v2\/types\/page"}],"author":[{"embeddable":true,"href":"https:\/\/www.keysbabo.com\/en\/wp-json\/wp\/v2\/users\/1"}],"replies":[{"embeddable":true,"href":"https:\/\/www.keysbabo.com\/en\/wp-json\/wp\/v2\/comments?post=1220"}],"version-history":[{"count":5,"href":"https:\/\/www.keysbabo.com\/en\/wp-json\/wp\/v2\/pages\/1220\/revisions"}],"predecessor-version":[{"id":1474,"href":"https:\/\/www.keysbabo.com\/en\/wp-json\/wp\/v2\/pages\/1220\/revisions\/1474"}],"wp:attachment":[{"href":"https:\/\/www.keysbabo.com\/en\/wp-json\/wp\/v2\/media?parent=1220"}],"curies":[{"name":"wp","href":"https:\/\/api.w.org\/{rel}","templated":true}]}}