{"id":1214,"date":"2026-04-09T08:25:04","date_gmt":"2026-04-09T06:25:04","guid":{"rendered":"https:\/\/www.keysbabo.com\/?page_id=1214"},"modified":"2026-04-14T13:35:01","modified_gmt":"2026-04-14T11:35:01","slug":"strip","status":"publish","type":"page","link":"https:\/\/www.keysbabo.com\/en\/strip\/","title":{"rendered":"Strip"},"content":{"rendered":"<div data-elementor-type=\"wp-page\" data-elementor-id=\"1214\" class=\"elementor elementor-1214\" data-elementor-post-type=\"page\">\n\t\t\t\t<div class=\"elementor-element elementor-element-03b430a e-flex e-con-boxed e-con e-parent\" data-id=\"03b430a\" data-element_type=\"container\" data-e-type=\"container\">\n\t\t\t\t\t<div class=\"e-con-inner\">\n\t\t\t\t<div class=\"elementor-element elementor-element-ca14004 elementor-widget elementor-widget-spacer\" data-id=\"ca14004\" data-element_type=\"widget\" data-e-type=\"widget\" data-widget_type=\"spacer.default\">\n\t\t\t\t\t\t\t<div class=\"elementor-spacer\">\n\t\t\t<div class=\"elementor-spacer-inner\"><\/div>\n\t\t<\/div>\n\t\t\t\t\t\t<\/div>\n\t\t\t\t<div class=\"elementor-element elementor-element-980cfa4 elementor-widget elementor-widget-heading\" data-id=\"980cfa4\" data-element_type=\"widget\" data-e-type=\"widget\" data-widget_type=\"heading.default\">\n\t\t\t\t\t<h2 class=\"elementor-heading-title elementor-size-default\">Strip<\/h2>\t\t\t\t<\/div>\n\t\t\t\t\t<\/div>\n\t\t\t\t<\/div>\n\t\t<div class=\"elementor-element elementor-element-59eb14e e-flex e-con-boxed e-con e-parent\" data-id=\"59eb14e\" data-element_type=\"container\" data-e-type=\"container\">\n\t\t\t\t\t<div class=\"e-con-inner\">\n\t\t\t\t<div class=\"elementor-element elementor-element-c0183a3 elementor-widget elementor-widget-spacer\" data-id=\"c0183a3\" data-element_type=\"widget\" data-e-type=\"widget\" data-widget_type=\"spacer.default\">\n\t\t\t\t\t\t\t<div class=\"elementor-spacer\">\n\t\t\t<div class=\"elementor-spacer-inner\"><\/div>\n\t\t<\/div>\n\t\t\t\t\t\t<\/div>\n\t\t\t\t\t<\/div>\n\t\t\t\t<\/div>\n\t\t<div class=\"elementor-element elementor-element-a3b55c4 e-flex e-con-boxed e-con e-parent\" data-id=\"a3b55c4\" data-element_type=\"container\" data-e-type=\"container\">\n\t\t\t\t\t<div class=\"e-con-inner\">\n\t\t\t\t<div class=\"elementor-element elementor-element-56f1e4f elementor-widget elementor-widget-gallery\" data-id=\"56f1e4f\" data-element_type=\"widget\" data-e-type=\"widget\" data-settings=\"{&quot;columns&quot;:2,&quot;gap&quot;:{&quot;unit&quot;:&quot;px&quot;,&quot;size&quot;:20,&quot;sizes&quot;:[]},&quot;lazyload&quot;:&quot;yes&quot;,&quot;gallery_layout&quot;:&quot;grid&quot;,&quot;columns_tablet&quot;:2,&quot;columns_mobile&quot;:1,&quot;gap_tablet&quot;:{&quot;unit&quot;:&quot;px&quot;,&quot;size&quot;:10,&quot;sizes&quot;:[]},&quot;gap_mobile&quot;:{&quot;unit&quot;:&quot;px&quot;,&quot;size&quot;:10,&quot;sizes&quot;:[]},&quot;link_to&quot;:&quot;file&quot;,&quot;aspect_ratio&quot;:&quot;3:2&quot;,&quot;overlay_background&quot;:&quot;yes&quot;,&quot;content_hover_animation&quot;:&quot;fade-in&quot;}\" data-widget_type=\"gallery.default\">\n\t\t\t\t\t\t\t<div class=\"elementor-gallery__container\">\n\t\t\t\t\t\t\t<a class=\"e-gallery-item elementor-gallery-item elementor-animated-content\" href=\"https:\/\/www.keysbabo.com\/wp-content\/uploads\/2026\/04\/KEY_STRIP1_02_risultato_riambiente-scaled.jpg\" data-elementor-open-lightbox=\"yes\" data-elementor-lightbox-slideshow=\"56f1e4f\" data-elementor-lightbox-title=\"KEY_STRIP1_02_risultato_riambiente\" data-e-action-hash=\"#elementor-action%3Aaction%3Dlightbox%26settings%3DeyJpZCI6MTg0MSwidXJsIjoiaHR0cHM6XC9cL3d3dy5rZXlzYmFiby5jb21cL3dwLWNvbnRlbnRcL3VwbG9hZHNcLzIwMjZcLzA0XC9LRVlfU1RSSVAxXzAyX3Jpc3VsdGF0b19yaWFtYmllbnRlLXNjYWxlZC5qcGciLCJzbGlkZXNob3ciOiI1NmYxZTRmIn0%3D\">\n\t\t\t\t\t<div class=\"e-gallery-image elementor-gallery-item__image\" data-thumbnail=\"https:\/\/www.keysbabo.com\/wp-content\/uploads\/2026\/04\/KEY_STRIP1_02_risultato_riambiente-scaled.jpg\" data-width=\"2560\" data-height=\"1594\" aria-label=\"\" role=\"img\" ><\/div>\n\t\t\t\t\t\t\t\t\t\t\t<div class=\"elementor-gallery-item__overlay\"><\/div>\n\t\t\t\t\t\t\t\t\t\t\t\t\t\t<\/a>\n\t\t\t\t\t\t\t<a class=\"e-gallery-item elementor-gallery-item elementor-animated-content\" href=\"https:\/\/www.keysbabo.com\/wp-content\/uploads\/2026\/04\/Screenshot-2026-04-09-alle-08.23.01.png\" data-elementor-open-lightbox=\"yes\" data-elementor-lightbox-slideshow=\"56f1e4f\" data-e-action-hash=\"#elementor-action%3Aaction%3Dlightbox%26settings%3DeyJpZCI6MTQwNSwidXJsIjoiaHR0cHM6XC9cL3d3dy5rZXlzYmFiby5jb21cL3dwLWNvbnRlbnRcL3VwbG9hZHNcLzIwMjZcLzA0XC9TY3JlZW5zaG90LTIwMjYtMDQtMDktYWxsZS0wOC4yMy4wMS5wbmciLCJzbGlkZXNob3ciOiI1NmYxZTRmIn0%3D\">\n\t\t\t\t\t<div class=\"e-gallery-image elementor-gallery-item__image\" data-thumbnail=\"https:\/\/www.keysbabo.com\/wp-content\/uploads\/2026\/04\/Screenshot-2026-04-09-alle-08.23.01.png\" data-width=\"2358\" data-height=\"1770\" aria-label=\"\" role=\"img\" ><\/div>\n\t\t\t\t\t\t\t\t\t\t\t<div class=\"elementor-gallery-item__overlay\"><\/div>\n\t\t\t\t\t\t\t\t\t\t\t\t\t\t<\/a>\n\t\t\t\t\t<\/div>\n\t\t\t\t\t<\/div>\n\t\t\t\t\t<\/div>\n\t\t\t\t<\/div>\n\t\t<div class=\"elementor-element elementor-element-90a356d e-flex e-con-boxed e-con e-parent\" data-id=\"90a356d\" data-element_type=\"container\" data-e-type=\"container\">\n\t\t\t\t\t<div class=\"e-con-inner\">\n\t\t\t\t<div class=\"elementor-element elementor-element-3ed48e7 elementor-widget elementor-widget-gallery\" data-id=\"3ed48e7\" data-element_type=\"widget\" data-e-type=\"widget\" data-settings=\"{&quot;gallery_layout&quot;:&quot;masonry&quot;,&quot;columns&quot;:3,&quot;gap&quot;:{&quot;unit&quot;:&quot;px&quot;,&quot;size&quot;:20,&quot;sizes&quot;:[]},&quot;lazyload&quot;:&quot;yes&quot;,&quot;columns_tablet&quot;:2,&quot;columns_mobile&quot;:1,&quot;gap_tablet&quot;:{&quot;unit&quot;:&quot;px&quot;,&quot;size&quot;:10,&quot;sizes&quot;:[]},&quot;gap_mobile&quot;:{&quot;unit&quot;:&quot;px&quot;,&quot;size&quot;:10,&quot;sizes&quot;:[]},&quot;link_to&quot;:&quot;file&quot;,&quot;overlay_background&quot;:&quot;yes&quot;,&quot;content_hover_animation&quot;:&quot;fade-in&quot;}\" data-widget_type=\"gallery.default\">\n\t\t\t\t\t\t\t<div class=\"elementor-gallery__container\">\n\t\t\t\t\t\t\t<a class=\"e-gallery-item elementor-gallery-item elementor-animated-content\" href=\"https:\/\/www.keysbabo.com\/wp-content\/uploads\/2026\/04\/Screenshot-2026-04-09-alle-08.23.25.png\" data-elementor-open-lightbox=\"yes\" data-elementor-lightbox-slideshow=\"3ed48e7\" data-e-action-hash=\"#elementor-action%3Aaction%3Dlightbox%26settings%3DeyJpZCI6MTQwMywidXJsIjoiaHR0cHM6XC9cL3d3dy5rZXlzYmFiby5jb21cL3dwLWNvbnRlbnRcL3VwbG9hZHNcLzIwMjZcLzA0XC9TY3JlZW5zaG90LTIwMjYtMDQtMDktYWxsZS0wOC4yMy4yNS5wbmciLCJzbGlkZXNob3ciOiIzZWQ0OGU3In0%3D\">\n\t\t\t\t\t<div class=\"e-gallery-image elementor-gallery-item__image\" data-thumbnail=\"https:\/\/www.keysbabo.com\/wp-content\/uploads\/2026\/04\/Screenshot-2026-04-09-alle-08.23.25-300x225.png\" data-width=\"300\" data-height=\"225\" aria-label=\"\" role=\"img\" ><\/div>\n\t\t\t\t\t\t\t\t\t\t\t<div class=\"elementor-gallery-item__overlay\"><\/div>\n\t\t\t\t\t\t\t\t\t\t\t\t\t\t<\/a>\n\t\t\t\t\t\t\t<a class=\"e-gallery-item elementor-gallery-item elementor-animated-content\" href=\"https:\/\/www.keysbabo.com\/wp-content\/uploads\/2026\/04\/Screenshot-2026-04-09-alle-08.23.21.png\" data-elementor-open-lightbox=\"yes\" data-elementor-lightbox-slideshow=\"3ed48e7\" data-e-action-hash=\"#elementor-action%3Aaction%3Dlightbox%26settings%3DeyJpZCI6MTQwNCwidXJsIjoiaHR0cHM6XC9cL3d3dy5rZXlzYmFiby5jb21cL3dwLWNvbnRlbnRcL3VwbG9hZHNcLzIwMjZcLzA0XC9TY3JlZW5zaG90LTIwMjYtMDQtMDktYWxsZS0wOC4yMy4yMS5wbmciLCJzbGlkZXNob3ciOiIzZWQ0OGU3In0%3D\">\n\t\t\t\t\t<div class=\"e-gallery-image elementor-gallery-item__image\" data-thumbnail=\"https:\/\/www.keysbabo.com\/wp-content\/uploads\/2026\/04\/Screenshot-2026-04-09-alle-08.23.21-300x225.png\" data-width=\"300\" data-height=\"225\" aria-label=\"\" role=\"img\" ><\/div>\n\t\t\t\t\t\t\t\t\t\t\t<div class=\"elementor-gallery-item__overlay\"><\/div>\n\t\t\t\t\t\t\t\t\t\t\t\t\t\t<\/a>\n\t\t\t\t\t\t\t<a class=\"e-gallery-item elementor-gallery-item elementor-animated-content\" href=\"https:\/\/www.keysbabo.com\/wp-content\/uploads\/2026\/04\/Screenshot-2026-04-09-alle-08.22.57-scaled.png\" data-elementor-open-lightbox=\"yes\" data-elementor-lightbox-slideshow=\"3ed48e7\" data-e-action-hash=\"#elementor-action%3Aaction%3Dlightbox%26settings%3DeyJpZCI6MTQwNiwidXJsIjoiaHR0cHM6XC9cL3d3dy5rZXlzYmFiby5jb21cL3dwLWNvbnRlbnRcL3VwbG9hZHNcLzIwMjZcLzA0XC9TY3JlZW5zaG90LTIwMjYtMDQtMDktYWxsZS0wOC4yMi41Ny1zY2FsZWQucG5nIiwic2xpZGVzaG93IjoiM2VkNDhlNyJ9\">\n\t\t\t\t\t<div class=\"e-gallery-image elementor-gallery-item__image\" data-thumbnail=\"https:\/\/www.keysbabo.com\/wp-content\/uploads\/2026\/04\/Screenshot-2026-04-09-alle-08.22.57-300x200.png\" data-width=\"300\" data-height=\"200\" aria-label=\"\" role=\"img\" ><\/div>\n\t\t\t\t\t\t\t\t\t\t\t<div class=\"elementor-gallery-item__overlay\"><\/div>\n\t\t\t\t\t\t\t\t\t\t\t\t\t\t<\/a>\n\t\t\t\t\t\t\t<a class=\"e-gallery-item elementor-gallery-item elementor-animated-content\" href=\"https:\/\/www.keysbabo.com\/wp-content\/uploads\/2026\/04\/Screenshot-2026-04-09-alle-08.22.53-scaled.png\" data-elementor-open-lightbox=\"yes\" data-elementor-lightbox-slideshow=\"3ed48e7\" data-e-action-hash=\"#elementor-action%3Aaction%3Dlightbox%26settings%3DeyJpZCI6MTQwNywidXJsIjoiaHR0cHM6XC9cL3d3dy5rZXlzYmFiby5jb21cL3dwLWNvbnRlbnRcL3VwbG9hZHNcLzIwMjZcLzA0XC9TY3JlZW5zaG90LTIwMjYtMDQtMDktYWxsZS0wOC4yMi41My1zY2FsZWQucG5nIiwic2xpZGVzaG93IjoiM2VkNDhlNyJ9\">\n\t\t\t\t\t<div class=\"e-gallery-image elementor-gallery-item__image\" data-thumbnail=\"https:\/\/www.keysbabo.com\/wp-content\/uploads\/2026\/04\/Screenshot-2026-04-09-alle-08.22.53-300x200.png\" data-width=\"300\" data-height=\"200\" aria-label=\"\" role=\"img\" ><\/div>\n\t\t\t\t\t\t\t\t\t\t\t<div class=\"elementor-gallery-item__overlay\"><\/div>\n\t\t\t\t\t\t\t\t\t\t\t\t\t\t<\/a>\n\t\t\t\t\t\t\t<a class=\"e-gallery-item elementor-gallery-item elementor-animated-content\" href=\"https:\/\/www.keysbabo.com\/wp-content\/uploads\/2026\/04\/Screenshot-2026-04-09-alle-08.22.50-scaled.png\" data-elementor-open-lightbox=\"yes\" data-elementor-lightbox-slideshow=\"3ed48e7\" data-e-action-hash=\"#elementor-action%3Aaction%3Dlightbox%26settings%3DeyJpZCI6MTQwOCwidXJsIjoiaHR0cHM6XC9cL3d3dy5rZXlzYmFiby5jb21cL3dwLWNvbnRlbnRcL3VwbG9hZHNcLzIwMjZcLzA0XC9TY3JlZW5zaG90LTIwMjYtMDQtMDktYWxsZS0wOC4yMi41MC1zY2FsZWQucG5nIiwic2xpZGVzaG93IjoiM2VkNDhlNyJ9\">\n\t\t\t\t\t<div class=\"e-gallery-image elementor-gallery-item__image\" data-thumbnail=\"https:\/\/www.keysbabo.com\/wp-content\/uploads\/2026\/04\/Screenshot-2026-04-09-alle-08.22.50-300x200.png\" data-width=\"300\" data-height=\"200\" aria-label=\"\" role=\"img\" ><\/div>\n\t\t\t\t\t\t\t\t\t\t\t<div class=\"elementor-gallery-item__overlay\"><\/div>\n\t\t\t\t\t\t\t\t\t\t\t\t\t\t<\/a>\n\t\t\t\t\t\t\t<a class=\"e-gallery-item elementor-gallery-item elementor-animated-content\" href=\"https:\/\/www.keysbabo.com\/wp-content\/uploads\/2026\/04\/Screenshot-2026-04-09-alle-08.22.46-scaled.png\" data-elementor-open-lightbox=\"yes\" data-elementor-lightbox-slideshow=\"3ed48e7\" data-e-action-hash=\"#elementor-action%3Aaction%3Dlightbox%26settings%3DeyJpZCI6MTQwOSwidXJsIjoiaHR0cHM6XC9cL3d3dy5rZXlzYmFiby5jb21cL3dwLWNvbnRlbnRcL3VwbG9hZHNcLzIwMjZcLzA0XC9TY3JlZW5zaG90LTIwMjYtMDQtMDktYWxsZS0wOC4yMi40Ni1zY2FsZWQucG5nIiwic2xpZGVzaG93IjoiM2VkNDhlNyJ9\">\n\t\t\t\t\t<div class=\"e-gallery-image elementor-gallery-item__image\" data-thumbnail=\"https:\/\/www.keysbabo.com\/wp-content\/uploads\/2026\/04\/Screenshot-2026-04-09-alle-08.22.46-300x200.png\" data-width=\"300\" data-height=\"200\" aria-label=\"\" role=\"img\" ><\/div>\n\t\t\t\t\t\t\t\t\t\t\t<div class=\"elementor-gallery-item__overlay\"><\/div>\n\t\t\t\t\t\t\t\t\t\t\t\t\t\t<\/a>\n\t\t\t\t\t\t\t<a class=\"e-gallery-item elementor-gallery-item elementor-animated-content\" href=\"https:\/\/www.keysbabo.com\/wp-content\/uploads\/2026\/04\/Screenshot-2026-04-09-alle-08.22.38-scaled.png\" data-elementor-open-lightbox=\"yes\" data-elementor-lightbox-slideshow=\"3ed48e7\" data-e-action-hash=\"#elementor-action%3Aaction%3Dlightbox%26settings%3DeyJpZCI6MTQxMCwidXJsIjoiaHR0cHM6XC9cL3d3dy5rZXlzYmFiby5jb21cL3dwLWNvbnRlbnRcL3VwbG9hZHNcLzIwMjZcLzA0XC9TY3JlZW5zaG90LTIwMjYtMDQtMDktYWxsZS0wOC4yMi4zOC1zY2FsZWQucG5nIiwic2xpZGVzaG93IjoiM2VkNDhlNyJ9\">\n\t\t\t\t\t<div class=\"e-gallery-image elementor-gallery-item__image\" data-thumbnail=\"https:\/\/www.keysbabo.com\/wp-content\/uploads\/2026\/04\/Screenshot-2026-04-09-alle-08.22.38-300x200.png\" data-width=\"300\" data-height=\"200\" aria-label=\"\" role=\"img\" ><\/div>\n\t\t\t\t\t\t\t\t\t\t\t<div class=\"elementor-gallery-item__overlay\"><\/div>\n\t\t\t\t\t\t\t\t\t\t\t\t\t\t<\/a>\n\t\t\t\t\t\t\t<a class=\"e-gallery-item elementor-gallery-item elementor-animated-content\" href=\"https:\/\/www.keysbabo.com\/wp-content\/uploads\/2026\/04\/Screenshot-2026-04-09-alle-08.22.34.png\" data-elementor-open-lightbox=\"yes\" data-elementor-lightbox-slideshow=\"3ed48e7\" data-e-action-hash=\"#elementor-action%3Aaction%3Dlightbox%26settings%3DeyJpZCI6MTQxMSwidXJsIjoiaHR0cHM6XC9cL3d3dy5rZXlzYmFiby5jb21cL3dwLWNvbnRlbnRcL3VwbG9hZHNcLzIwMjZcLzA0XC9TY3JlZW5zaG90LTIwMjYtMDQtMDktYWxsZS0wOC4yMi4zNC5wbmciLCJzbGlkZXNob3ciOiIzZWQ0OGU3In0%3D\">\n\t\t\t\t\t<div class=\"e-gallery-image elementor-gallery-item__image\" data-thumbnail=\"https:\/\/www.keysbabo.com\/wp-content\/uploads\/2026\/04\/Screenshot-2026-04-09-alle-08.22.34-300x226.png\" data-width=\"300\" data-height=\"226\" aria-label=\"\" role=\"img\" ><\/div>\n\t\t\t\t\t\t\t\t\t\t\t<div class=\"elementor-gallery-item__overlay\"><\/div>\n\t\t\t\t\t\t\t\t\t\t\t\t\t\t<\/a>\n\t\t\t\t\t\t\t<a class=\"e-gallery-item elementor-gallery-item elementor-animated-content\" href=\"https:\/\/www.keysbabo.com\/wp-content\/uploads\/2026\/04\/Screenshot-2026-04-09-alle-08.22.31.png\" data-elementor-open-lightbox=\"yes\" data-elementor-lightbox-slideshow=\"3ed48e7\" data-e-action-hash=\"#elementor-action%3Aaction%3Dlightbox%26settings%3DeyJpZCI6MTQxMiwidXJsIjoiaHR0cHM6XC9cL3d3dy5rZXlzYmFiby5jb21cL3dwLWNvbnRlbnRcL3VwbG9hZHNcLzIwMjZcLzA0XC9TY3JlZW5zaG90LTIwMjYtMDQtMDktYWxsZS0wOC4yMi4zMS5wbmciLCJzbGlkZXNob3ciOiIzZWQ0OGU3In0%3D\">\n\t\t\t\t\t<div class=\"e-gallery-image elementor-gallery-item__image\" data-thumbnail=\"https:\/\/www.keysbabo.com\/wp-content\/uploads\/2026\/04\/Screenshot-2026-04-09-alle-08.22.31-300x226.png\" data-width=\"300\" data-height=\"226\" aria-label=\"\" role=\"img\" ><\/div>\n\t\t\t\t\t\t\t\t\t\t\t<div class=\"elementor-gallery-item__overlay\"><\/div>\n\t\t\t\t\t\t\t\t\t\t\t\t\t\t<\/a>\n\t\t\t\t\t\t\t<a class=\"e-gallery-item elementor-gallery-item elementor-animated-content\" href=\"https:\/\/www.keysbabo.com\/wp-content\/uploads\/2026\/04\/Screenshot-2026-04-09-alle-08.22.26.png\" data-elementor-open-lightbox=\"yes\" data-elementor-lightbox-slideshow=\"3ed48e7\" data-e-action-hash=\"#elementor-action%3Aaction%3Dlightbox%26settings%3DeyJpZCI6MTQxMywidXJsIjoiaHR0cHM6XC9cL3d3dy5rZXlzYmFiby5jb21cL3dwLWNvbnRlbnRcL3VwbG9hZHNcLzIwMjZcLzA0XC9TY3JlZW5zaG90LTIwMjYtMDQtMDktYWxsZS0wOC4yMi4yNi5wbmciLCJzbGlkZXNob3ciOiIzZWQ0OGU3In0%3D\">\n\t\t\t\t\t<div class=\"e-gallery-image elementor-gallery-item__image\" data-thumbnail=\"https:\/\/www.keysbabo.com\/wp-content\/uploads\/2026\/04\/Screenshot-2026-04-09-alle-08.22.26-300x226.png\" data-width=\"300\" data-height=\"226\" aria-label=\"\" role=\"img\" ><\/div>\n\t\t\t\t\t\t\t\t\t\t\t<div class=\"elementor-gallery-item__overlay\"><\/div>\n\t\t\t\t\t\t\t\t\t\t\t\t\t\t<\/a>\n\t\t\t\t\t\t\t<a class=\"e-gallery-item elementor-gallery-item elementor-animated-content\" href=\"https:\/\/www.keysbabo.com\/wp-content\/uploads\/2026\/04\/Screenshot-2026-04-09-alle-08.22.22.png\" data-elementor-open-lightbox=\"yes\" data-elementor-lightbox-slideshow=\"3ed48e7\" data-e-action-hash=\"#elementor-action%3Aaction%3Dlightbox%26settings%3DeyJpZCI6MTQxNCwidXJsIjoiaHR0cHM6XC9cL3d3dy5rZXlzYmFiby5jb21cL3dwLWNvbnRlbnRcL3VwbG9hZHNcLzIwMjZcLzA0XC9TY3JlZW5zaG90LTIwMjYtMDQtMDktYWxsZS0wOC4yMi4yMi5wbmciLCJzbGlkZXNob3ciOiIzZWQ0OGU3In0%3D\">\n\t\t\t\t\t<div class=\"e-gallery-image elementor-gallery-item__image\" data-thumbnail=\"https:\/\/www.keysbabo.com\/wp-content\/uploads\/2026\/04\/Screenshot-2026-04-09-alle-08.22.22-300x226.png\" data-width=\"300\" data-height=\"226\" aria-label=\"\" role=\"img\" ><\/div>\n\t\t\t\t\t\t\t\t\t\t\t<div class=\"elementor-gallery-item__overlay\"><\/div>\n\t\t\t\t\t\t\t\t\t\t\t\t\t\t<\/a>\n\t\t\t\t\t\t\t<a class=\"e-gallery-item elementor-gallery-item elementor-animated-content\" href=\"https:\/\/www.keysbabo.com\/wp-content\/uploads\/2026\/04\/Screenshot-2026-04-09-alle-08.22.19.png\" data-elementor-open-lightbox=\"yes\" data-elementor-lightbox-slideshow=\"3ed48e7\" data-e-action-hash=\"#elementor-action%3Aaction%3Dlightbox%26settings%3DeyJpZCI6MTQxNSwidXJsIjoiaHR0cHM6XC9cL3d3dy5rZXlzYmFiby5jb21cL3dwLWNvbnRlbnRcL3VwbG9hZHNcLzIwMjZcLzA0XC9TY3JlZW5zaG90LTIwMjYtMDQtMDktYWxsZS0wOC4yMi4xOS5wbmciLCJzbGlkZXNob3ciOiIzZWQ0OGU3In0%3D\">\n\t\t\t\t\t<div class=\"e-gallery-image elementor-gallery-item__image\" data-thumbnail=\"https:\/\/www.keysbabo.com\/wp-content\/uploads\/2026\/04\/Screenshot-2026-04-09-alle-08.22.19-300x226.png\" data-width=\"300\" data-height=\"226\" aria-label=\"\" role=\"img\" ><\/div>\n\t\t\t\t\t\t\t\t\t\t\t<div class=\"elementor-gallery-item__overlay\"><\/div>\n\t\t\t\t\t\t\t\t\t\t\t\t\t\t<\/a>\n\t\t\t\t\t\t\t<a class=\"e-gallery-item elementor-gallery-item elementor-animated-content\" href=\"https:\/\/www.keysbabo.com\/wp-content\/uploads\/2026\/04\/Screenshot-2026-04-09-alle-08.22.15.png\" data-elementor-open-lightbox=\"yes\" data-elementor-lightbox-slideshow=\"3ed48e7\" data-e-action-hash=\"#elementor-action%3Aaction%3Dlightbox%26settings%3DeyJpZCI6MTQxNiwidXJsIjoiaHR0cHM6XC9cL3d3dy5rZXlzYmFiby5jb21cL3dwLWNvbnRlbnRcL3VwbG9hZHNcLzIwMjZcLzA0XC9TY3JlZW5zaG90LTIwMjYtMDQtMDktYWxsZS0wOC4yMi4xNS5wbmciLCJzbGlkZXNob3ciOiIzZWQ0OGU3In0%3D\">\n\t\t\t\t\t<div class=\"e-gallery-image elementor-gallery-item__image\" data-thumbnail=\"https:\/\/www.keysbabo.com\/wp-content\/uploads\/2026\/04\/Screenshot-2026-04-09-alle-08.22.15-300x226.png\" data-width=\"300\" data-height=\"226\" aria-label=\"\" role=\"img\" ><\/div>\n\t\t\t\t\t\t\t\t\t\t\t<div class=\"elementor-gallery-item__overlay\"><\/div>\n\t\t\t\t\t\t\t\t\t\t\t\t\t\t<\/a>\n\t\t\t\t\t\t\t<a class=\"e-gallery-item elementor-gallery-item elementor-animated-content\" href=\"https:\/\/www.keysbabo.com\/wp-content\/uploads\/2026\/04\/Screenshot-2026-04-09-alle-08.22.11.png\" data-elementor-open-lightbox=\"yes\" data-elementor-lightbox-slideshow=\"3ed48e7\" data-e-action-hash=\"#elementor-action%3Aaction%3Dlightbox%26settings%3DeyJpZCI6MTQxNywidXJsIjoiaHR0cHM6XC9cL3d3dy5rZXlzYmFiby5jb21cL3dwLWNvbnRlbnRcL3VwbG9hZHNcLzIwMjZcLzA0XC9TY3JlZW5zaG90LTIwMjYtMDQtMDktYWxsZS0wOC4yMi4xMS5wbmciLCJzbGlkZXNob3ciOiIzZWQ0OGU3In0%3D\">\n\t\t\t\t\t<div class=\"e-gallery-image elementor-gallery-item__image\" data-thumbnail=\"https:\/\/www.keysbabo.com\/wp-content\/uploads\/2026\/04\/Screenshot-2026-04-09-alle-08.22.11-300x226.png\" data-width=\"300\" data-height=\"226\" aria-label=\"\" role=\"img\" ><\/div>\n\t\t\t\t\t\t\t\t\t\t\t<div class=\"elementor-gallery-item__overlay\"><\/div>\n\t\t\t\t\t\t\t\t\t\t\t\t\t\t<\/a>\n\t\t\t\t\t<\/div>\n\t\t\t\t\t<\/div>\n\t\t\t\t\t<\/div>\n\t\t\t\t<\/div>\n\t\t<div class=\"elementor-element elementor-element-cb1a144 e-flex e-con-boxed e-con e-parent\" data-id=\"cb1a144\" data-element_type=\"container\" data-e-type=\"container\">\n\t\t\t\t\t<div class=\"e-con-inner\">\n\t\t\t\t<div class=\"elementor-element elementor-element-d1c5ba1 elementor-widget elementor-widget-spacer\" data-id=\"d1c5ba1\" data-element_type=\"widget\" data-e-type=\"widget\" data-widget_type=\"spacer.default\">\n\t\t\t\t\t\t\t<div class=\"elementor-spacer\">\n\t\t\t<div class=\"elementor-spacer-inner\"><\/div>\n\t\t<\/div>\n\t\t\t\t\t\t<\/div>\n\t\t\t\t\t<\/div>\n\t\t\t\t<\/div>\n\t\t<div class=\"elementor-element elementor-element-53b9554 e-flex e-con-boxed e-con e-parent\" data-id=\"53b9554\" data-element_type=\"container\" data-e-type=\"container\">\n\t\t\t\t\t<div class=\"e-con-inner\">\n\t\t\t\t<div class=\"elementor-element elementor-element-46b5c6a elementor-widget elementor-widget-text-editor\" data-id=\"46b5c6a\" data-element_type=\"widget\" data-e-type=\"widget\" data-widget_type=\"text-editor.default\">\n\t\t\t\t\t\t\t\t\t<p><em>Key Cucine e Nevio Tellatin si ispirano alla quinta teatrale per creare <strong>Strip<\/strong>, la cucina di design che si trasforma in un palcoscenico per ogni cuoco coniugando estetica e funzionalit\u00e0, unicit\u00e0 e spettacolarit\u00e0.<\/em><\/p><p><em>Pensata per i <strong>cooking performer<\/strong>, in Strip l\u2019esposizione del piano cottura verso l\u2019ospite consente la conversazione mentre si cucina, come se il padrone di casa diventasse l\u2019attore di una performance che coniuga arte culinaria e arte dell\u2019intrattenimento. Il Noce Canaletto fa da trait d\u2019union per regalare ove omogeneit\u00e0 di toni con le sue cromie vellutate, ove pregio e stile, specialmente nelle ante con fresatura verticale che conferiscono un effetto lussuoso e raffinato. Strip di Key Cucine dialoga perfettamente con l\u2019area cottura e lo spazio living, diventando anello di congiunzione per un nuovo, unico ambiente di convivialit\u00e0 e condivisione, perfettamente equilibrato.<\/em><\/p><h5><strong>\u00a0<\/strong><\/h5><h5><strong>DESIGNER<\/strong><\/h5><p style=\"font-weight: 400;\">Nevio Tellatin<\/p><h5><strong>\u00a0<\/strong><\/h5><h5><strong>THE UNIQUE DETAIL<\/strong><\/h5><p style=\"font-weight: 400;\">Il piano cottura esposto verso l\u2019ospite; l\u2019anta con fresatura verticale ed effetto \u201cquinta continua\u201d.<\/p><h5><strong>\u00a0<\/strong><\/h5><h5><strong>MATERIALS<\/strong><\/h5><p style=\"font-weight: 400;\">Noce Canaletto, Metallo Liquido, top in Marmo Mustang.<\/p>\t\t\t\t\t\t\t\t<\/div>\n\t\t\t\t\t<\/div>\n\t\t\t\t<\/div>\n\t\t\t\t<\/div>","protected":false},"excerpt":{"rendered":"<p>Strip Key Cucine e Nevio Tellatin si ispirano alla quinta teatrale per creare Strip, la cucina di design che si trasforma in un palcoscenico per ogni cuoco coniugando estetica e funzionalit\u00e0, unicit\u00e0 e spettacolarit\u00e0. Pensata per i cooking performer, in Strip l\u2019esposizione del piano cottura verso l\u2019ospite consente la conversazione mentre si cucina, come se [&hellip;]<\/p>\n","protected":false},"author":1,"featured_media":0,"parent":0,"menu_order":0,"comment_status":"closed","ping_status":"closed","template":"","meta":{"footnotes":""},"class_list":["post-1214","page","type-page","status-publish","hentry"],"_links":{"self":[{"href":"https:\/\/www.keysbabo.com\/en\/wp-json\/wp\/v2\/pages\/1214","targetHints":{"allow":["GET"]}}],"collection":[{"href":"https:\/\/www.keysbabo.com\/en\/wp-json\/wp\/v2\/pages"}],"about":[{"href":"https:\/\/www.keysbabo.com\/en\/wp-json\/wp\/v2\/types\/page"}],"author":[{"embeddable":true,"href":"https:\/\/www.keysbabo.com\/en\/wp-json\/wp\/v2\/users\/1"}],"replies":[{"embeddable":true,"href":"https:\/\/www.keysbabo.com\/en\/wp-json\/wp\/v2\/comments?post=1214"}],"version-history":[{"count":7,"href":"https:\/\/www.keysbabo.com\/en\/wp-json\/wp\/v2\/pages\/1214\/revisions"}],"predecessor-version":[{"id":1847,"href":"https:\/\/www.keysbabo.com\/en\/wp-json\/wp\/v2\/pages\/1214\/revisions\/1847"}],"wp:attachment":[{"href":"https:\/\/www.keysbabo.com\/en\/wp-json\/wp\/v2\/media?parent=1214"}],"curies":[{"name":"wp","href":"https:\/\/api.w.org\/{rel}","templated":true}]}}