{"id":1196,"date":"2026-04-09T06:31:22","date_gmt":"2026-04-09T04:31:22","guid":{"rendered":"https:\/\/www.keysbabo.com\/?page_id=1196"},"modified":"2026-04-12T13:49:45","modified_gmt":"2026-04-12T11:49:45","slug":"methis","status":"publish","type":"page","link":"https:\/\/www.keysbabo.com\/en\/methis\/","title":{"rendered":"Methis"},"content":{"rendered":"<div data-elementor-type=\"wp-page\" data-elementor-id=\"1196\" class=\"elementor elementor-1196\" data-elementor-post-type=\"page\">\n\t\t\t\t<div class=\"elementor-element elementor-element-03b430a e-flex e-con-boxed e-con e-parent\" data-id=\"03b430a\" data-element_type=\"container\" data-e-type=\"container\">\n\t\t\t\t\t<div class=\"e-con-inner\">\n\t\t\t\t<div class=\"elementor-element elementor-element-ca14004 elementor-widget elementor-widget-spacer\" data-id=\"ca14004\" data-element_type=\"widget\" data-e-type=\"widget\" data-widget_type=\"spacer.default\">\n\t\t\t\t\t\t\t<div class=\"elementor-spacer\">\n\t\t\t<div class=\"elementor-spacer-inner\"><\/div>\n\t\t<\/div>\n\t\t\t\t\t\t<\/div>\n\t\t\t\t<div class=\"elementor-element elementor-element-980cfa4 elementor-widget elementor-widget-heading\" data-id=\"980cfa4\" data-element_type=\"widget\" data-e-type=\"widget\" data-widget_type=\"heading.default\">\n\t\t\t\t\t<h2 class=\"elementor-heading-title elementor-size-default\">Methis<\/h2>\t\t\t\t<\/div>\n\t\t\t\t\t<\/div>\n\t\t\t\t<\/div>\n\t\t<div class=\"elementor-element elementor-element-59eb14e e-flex e-con-boxed e-con e-parent\" data-id=\"59eb14e\" data-element_type=\"container\" data-e-type=\"container\">\n\t\t\t\t\t<div class=\"e-con-inner\">\n\t\t\t\t<div class=\"elementor-element elementor-element-c0183a3 elementor-widget elementor-widget-spacer\" data-id=\"c0183a3\" data-element_type=\"widget\" data-e-type=\"widget\" data-widget_type=\"spacer.default\">\n\t\t\t\t\t\t\t<div class=\"elementor-spacer\">\n\t\t\t<div class=\"elementor-spacer-inner\"><\/div>\n\t\t<\/div>\n\t\t\t\t\t\t<\/div>\n\t\t\t\t\t<\/div>\n\t\t\t\t<\/div>\n\t\t<div class=\"elementor-element elementor-element-90a356d e-flex e-con-boxed e-con e-parent\" data-id=\"90a356d\" data-element_type=\"container\" data-e-type=\"container\">\n\t\t\t\t\t<div class=\"e-con-inner\">\n\t\t\t\t<div class=\"elementor-element elementor-element-3ed48e7 elementor-widget elementor-widget-gallery\" data-id=\"3ed48e7\" data-element_type=\"widget\" data-e-type=\"widget\" data-settings=\"{&quot;gallery_layout&quot;:&quot;masonry&quot;,&quot;columns&quot;:1,&quot;gap&quot;:{&quot;unit&quot;:&quot;px&quot;,&quot;size&quot;:20,&quot;sizes&quot;:[]},&quot;lazyload&quot;:&quot;yes&quot;,&quot;columns_tablet&quot;:2,&quot;columns_mobile&quot;:1,&quot;gap_tablet&quot;:{&quot;unit&quot;:&quot;px&quot;,&quot;size&quot;:10,&quot;sizes&quot;:[]},&quot;gap_mobile&quot;:{&quot;unit&quot;:&quot;px&quot;,&quot;size&quot;:10,&quot;sizes&quot;:[]},&quot;link_to&quot;:&quot;file&quot;,&quot;overlay_background&quot;:&quot;yes&quot;,&quot;content_hover_animation&quot;:&quot;fade-in&quot;}\" data-widget_type=\"gallery.default\">\n\t\t\t\t\t\t\t<div class=\"elementor-gallery__container\">\n\t\t\t\t\t\t\t<a class=\"e-gallery-item elementor-gallery-item elementor-animated-content\" href=\"https:\/\/www.keysbabo.com\/wp-content\/uploads\/2026\/04\/26014-KEY-ADV-01-01-co-o_RGB-scaled.jpg\" data-elementor-open-lightbox=\"yes\" data-elementor-lightbox-slideshow=\"3ed48e7\" data-elementor-lightbox-title=\"METHIS: l\u2019intelligenza della materia\" data-e-action-hash=\"#elementor-action%3Aaction%3Dlightbox%26settings%3DeyJpZCI6MTYzNSwidXJsIjoiaHR0cHM6XC9cL3d3dy5rZXlzYmFiby5jb21cL3dwLWNvbnRlbnRcL3VwbG9hZHNcLzIwMjZcLzA0XC8yNjAxNC1LRVktQURWLTAxLTAxLWNvLW9fUkdCLXNjYWxlZC5qcGciLCJzbGlkZXNob3ciOiIzZWQ0OGU3In0%3D\">\n\t\t\t\t\t<div class=\"e-gallery-image elementor-gallery-item__image\" data-thumbnail=\"https:\/\/www.keysbabo.com\/wp-content\/uploads\/2026\/04\/26014-KEY-ADV-01-01-co-o_RGB-scaled.jpg\" data-width=\"2560\" data-height=\"1772\" aria-label=\"\" role=\"img\" ><\/div>\n\t\t\t\t\t\t\t\t\t\t\t<div class=\"elementor-gallery-item__overlay\"><\/div>\n\t\t\t\t\t\t\t\t\t\t\t\t\t\t<\/a>\n\t\t\t\t\t<\/div>\n\t\t\t\t\t<\/div>\n\t\t\t\t<div class=\"elementor-element elementor-element-17a68ab elementor-widget elementor-widget-gallery\" data-id=\"17a68ab\" data-element_type=\"widget\" data-e-type=\"widget\" data-settings=\"{&quot;gallery_layout&quot;:&quot;masonry&quot;,&quot;columns&quot;:2,&quot;gap&quot;:{&quot;unit&quot;:&quot;px&quot;,&quot;size&quot;:20,&quot;sizes&quot;:[]},&quot;lazyload&quot;:&quot;yes&quot;,&quot;columns_tablet&quot;:2,&quot;columns_mobile&quot;:1,&quot;gap_tablet&quot;:{&quot;unit&quot;:&quot;px&quot;,&quot;size&quot;:10,&quot;sizes&quot;:[]},&quot;gap_mobile&quot;:{&quot;unit&quot;:&quot;px&quot;,&quot;size&quot;:10,&quot;sizes&quot;:[]},&quot;link_to&quot;:&quot;file&quot;,&quot;overlay_background&quot;:&quot;yes&quot;,&quot;content_hover_animation&quot;:&quot;fade-in&quot;}\" data-widget_type=\"gallery.default\">\n\t\t\t\t\t\t\t<div class=\"elementor-gallery__container\">\n\t\t\t\t\t\t\t<a class=\"e-gallery-item elementor-gallery-item elementor-animated-content\" href=\"https:\/\/www.keysbabo.com\/wp-content\/uploads\/2026\/04\/26014-KEY-CAT-CAT-03-sc-o-1-scaled.jpg\" data-elementor-open-lightbox=\"yes\" data-elementor-lightbox-slideshow=\"17a68ab\" data-elementor-lightbox-title=\"26014-KEY-CAT-CAT-03-sc-o\" data-e-action-hash=\"#elementor-action%3Aaction%3Dlightbox%26settings%3DeyJpZCI6MTYzOSwidXJsIjoiaHR0cHM6XC9cL3d3dy5rZXlzYmFiby5jb21cL3dwLWNvbnRlbnRcL3VwbG9hZHNcLzIwMjZcLzA0XC8yNjAxNC1LRVktQ0FULUNBVC0wMy1zYy1vLTEtc2NhbGVkLmpwZyIsInNsaWRlc2hvdyI6IjE3YTY4YWIifQ%3D%3D\">\n\t\t\t\t\t<div class=\"e-gallery-image elementor-gallery-item__image\" data-thumbnail=\"https:\/\/www.keysbabo.com\/wp-content\/uploads\/2026\/04\/26014-KEY-CAT-CAT-03-sc-o-1-scaled.jpg\" data-width=\"2560\" data-height=\"1342\" aria-label=\"\" role=\"img\" ><\/div>\n\t\t\t\t\t\t\t\t\t\t\t<div class=\"elementor-gallery-item__overlay\"><\/div>\n\t\t\t\t\t\t\t\t\t\t\t\t\t\t<\/a>\n\t\t\t\t\t\t\t<a class=\"e-gallery-item elementor-gallery-item elementor-animated-content\" href=\"https:\/\/www.keysbabo.com\/wp-content\/uploads\/2026\/04\/26014-KEY-CAT-CAT-02-covar-v-1-scaled.jpg\" data-elementor-open-lightbox=\"yes\" data-elementor-lightbox-slideshow=\"17a68ab\" data-elementor-lightbox-title=\"26014-KEY-CAT-CAT-02-covar-v\" data-e-action-hash=\"#elementor-action%3Aaction%3Dlightbox%26settings%3DeyJpZCI6MTYzOCwidXJsIjoiaHR0cHM6XC9cL3d3dy5rZXlzYmFiby5jb21cL3dwLWNvbnRlbnRcL3VwbG9hZHNcLzIwMjZcLzA0XC8yNjAxNC1LRVktQ0FULUNBVC0wMi1jb3Zhci12LTEtc2NhbGVkLmpwZyIsInNsaWRlc2hvdyI6IjE3YTY4YWIifQ%3D%3D\">\n\t\t\t\t\t<div class=\"e-gallery-image elementor-gallery-item__image\" data-thumbnail=\"https:\/\/www.keysbabo.com\/wp-content\/uploads\/2026\/04\/26014-KEY-CAT-CAT-02-covar-v-1-scaled.jpg\" data-width=\"2560\" data-height=\"2554\" aria-label=\"\" role=\"img\" ><\/div>\n\t\t\t\t\t\t\t\t\t\t\t<div class=\"elementor-gallery-item__overlay\"><\/div>\n\t\t\t\t\t\t\t\t\t\t\t\t\t\t<\/a>\n\t\t\t\t\t\t\t<a class=\"e-gallery-item elementor-gallery-item elementor-animated-content\" href=\"https:\/\/www.keysbabo.com\/wp-content\/uploads\/2026\/04\/26014-KEY-CAT-CAT-05-sc-v.jpg\" data-elementor-open-lightbox=\"yes\" data-elementor-lightbox-slideshow=\"17a68ab\" data-elementor-lightbox-title=\"26014-KEY-CAT-CAT-05-sc-v\" data-e-action-hash=\"#elementor-action%3Aaction%3Dlightbox%26settings%3DeyJpZCI6MTY0MSwidXJsIjoiaHR0cHM6XC9cL3d3dy5rZXlzYmFiby5jb21cL3dwLWNvbnRlbnRcL3VwbG9hZHNcLzIwMjZcLzA0XC8yNjAxNC1LRVktQ0FULUNBVC0wNS1zYy12LmpwZyIsInNsaWRlc2hvdyI6IjE3YTY4YWIifQ%3D%3D\">\n\t\t\t\t\t<div class=\"e-gallery-image elementor-gallery-item__image\" data-thumbnail=\"https:\/\/www.keysbabo.com\/wp-content\/uploads\/2026\/04\/26014-KEY-CAT-CAT-05-sc-v.jpg\" data-width=\"1701\" data-height=\"2268\" aria-label=\"\" role=\"img\" ><\/div>\n\t\t\t\t\t\t\t\t\t\t\t<div class=\"elementor-gallery-item__overlay\"><\/div>\n\t\t\t\t\t\t\t\t\t\t\t\t\t\t<\/a>\n\t\t\t\t\t\t\t<a class=\"e-gallery-item elementor-gallery-item elementor-animated-content\" href=\"https:\/\/www.keysbabo.com\/wp-content\/uploads\/2026\/04\/26014-KEY-CAT-CAT-03b-sc-v.jpg\" data-elementor-open-lightbox=\"yes\" data-elementor-lightbox-slideshow=\"17a68ab\" data-elementor-lightbox-title=\"26014-KEY-CAT-CAT-03b-sc-v\" data-e-action-hash=\"#elementor-action%3Aaction%3Dlightbox%26settings%3DeyJpZCI6MTY0MCwidXJsIjoiaHR0cHM6XC9cL3d3dy5rZXlzYmFiby5jb21cL3dwLWNvbnRlbnRcL3VwbG9hZHNcLzIwMjZcLzA0XC8yNjAxNC1LRVktQ0FULUNBVC0wM2Itc2Mtdi5qcGciLCJzbGlkZXNob3ciOiIxN2E2OGFiIn0%3D\">\n\t\t\t\t\t<div class=\"e-gallery-image elementor-gallery-item__image\" data-thumbnail=\"https:\/\/www.keysbabo.com\/wp-content\/uploads\/2026\/04\/26014-KEY-CAT-CAT-03b-sc-v.jpg\" data-width=\"1701\" data-height=\"2268\" aria-label=\"\" role=\"img\" ><\/div>\n\t\t\t\t\t\t\t\t\t\t\t<div class=\"elementor-gallery-item__overlay\"><\/div>\n\t\t\t\t\t\t\t\t\t\t\t\t\t\t<\/a>\n\t\t\t\t\t\t\t<a class=\"e-gallery-item elementor-gallery-item elementor-animated-content\" href=\"https:\/\/www.keysbabo.com\/wp-content\/uploads\/2026\/04\/26014-KEY-CAT-CAT-01-co-o-1-scaled.jpg\" data-elementor-open-lightbox=\"yes\" data-elementor-lightbox-slideshow=\"17a68ab\" data-elementor-lightbox-title=\"26014-KEY-CAT-CAT-01-co-o\" data-e-action-hash=\"#elementor-action%3Aaction%3Dlightbox%26settings%3DeyJpZCI6MTYzNywidXJsIjoiaHR0cHM6XC9cL3d3dy5rZXlzYmFiby5jb21cL3dwLWNvbnRlbnRcL3VwbG9hZHNcLzIwMjZcLzA0XC8yNjAxNC1LRVktQ0FULUNBVC0wMS1jby1vLTEtc2NhbGVkLmpwZyIsInNsaWRlc2hvdyI6IjE3YTY4YWIifQ%3D%3D\">\n\t\t\t\t\t<div class=\"e-gallery-image elementor-gallery-item__image\" data-thumbnail=\"https:\/\/www.keysbabo.com\/wp-content\/uploads\/2026\/04\/26014-KEY-CAT-CAT-01-co-o-1-scaled.jpg\" data-width=\"2560\" data-height=\"1275\" aria-label=\"\" role=\"img\" ><\/div>\n\t\t\t\t\t\t\t\t\t\t\t<div class=\"elementor-gallery-item__overlay\"><\/div>\n\t\t\t\t\t\t\t\t\t\t\t\t\t\t<\/a>\n\t\t\t\t\t\t\t<a class=\"e-gallery-item elementor-gallery-item elementor-animated-content\" href=\"https:\/\/www.keysbabo.com\/wp-content\/uploads\/2026\/04\/26014-KEY-CAT-01-04-de-v-scaled.jpg\" data-elementor-open-lightbox=\"yes\" data-elementor-lightbox-slideshow=\"17a68ab\" data-elementor-lightbox-title=\"26014-KEY-CAT-01-04-de-v\" data-e-action-hash=\"#elementor-action%3Aaction%3Dlightbox%26settings%3DeyJpZCI6MTYzNiwidXJsIjoiaHR0cHM6XC9cL3d3dy5rZXlzYmFiby5jb21cL3dwLWNvbnRlbnRcL3VwbG9hZHNcLzIwMjZcLzA0XC8yNjAxNC1LRVktQ0FULTAxLTA0LWRlLXYtc2NhbGVkLmpwZyIsInNsaWRlc2hvdyI6IjE3YTY4YWIifQ%3D%3D\">\n\t\t\t\t\t<div class=\"e-gallery-image elementor-gallery-item__image\" data-thumbnail=\"https:\/\/www.keysbabo.com\/wp-content\/uploads\/2026\/04\/26014-KEY-CAT-01-04-de-v-scaled.jpg\" data-width=\"1920\" data-height=\"2560\" aria-label=\"\" role=\"img\" ><\/div>\n\t\t\t\t\t\t\t\t\t\t\t<div class=\"elementor-gallery-item__overlay\"><\/div>\n\t\t\t\t\t\t\t\t\t\t\t\t\t\t<\/a>\n\t\t\t\t\t\t\t<a class=\"e-gallery-item elementor-gallery-item elementor-animated-content\" href=\"https:\/\/www.keysbabo.com\/wp-content\/uploads\/2026\/04\/26014-KEY-CAT-CAT-06-de-v.jpg\" data-elementor-open-lightbox=\"yes\" data-elementor-lightbox-slideshow=\"17a68ab\" data-elementor-lightbox-title=\"26014-KEY-CAT-CAT-06-de-v\" data-e-action-hash=\"#elementor-action%3Aaction%3Dlightbox%26settings%3DeyJpZCI6MTY0MiwidXJsIjoiaHR0cHM6XC9cL3d3dy5rZXlzYmFiby5jb21cL3dwLWNvbnRlbnRcL3VwbG9hZHNcLzIwMjZcLzA0XC8yNjAxNC1LRVktQ0FULUNBVC0wNi1kZS12LmpwZyIsInNsaWRlc2hvdyI6IjE3YTY4YWIifQ%3D%3D\">\n\t\t\t\t\t<div class=\"e-gallery-image elementor-gallery-item__image\" data-thumbnail=\"https:\/\/www.keysbabo.com\/wp-content\/uploads\/2026\/04\/26014-KEY-CAT-CAT-06-de-v.jpg\" data-width=\"1701\" data-height=\"2268\" aria-label=\"\" role=\"img\" ><\/div>\n\t\t\t\t\t\t\t\t\t\t\t<div class=\"elementor-gallery-item__overlay\"><\/div>\n\t\t\t\t\t\t\t\t\t\t\t\t\t\t<\/a>\n\t\t\t\t\t<\/div>\n\t\t\t\t\t<\/div>\n\t\t\t\t\t<\/div>\n\t\t\t\t<\/div>\n\t\t<div class=\"elementor-element elementor-element-cb1a144 e-flex e-con-boxed e-con e-parent\" data-id=\"cb1a144\" data-element_type=\"container\" data-e-type=\"container\">\n\t\t\t\t\t<div class=\"e-con-inner\">\n\t\t\t\t<div class=\"elementor-element elementor-element-d1c5ba1 elementor-widget elementor-widget-spacer\" data-id=\"d1c5ba1\" data-element_type=\"widget\" data-e-type=\"widget\" data-widget_type=\"spacer.default\">\n\t\t\t\t\t\t\t<div class=\"elementor-spacer\">\n\t\t\t<div class=\"elementor-spacer-inner\"><\/div>\n\t\t<\/div>\n\t\t\t\t\t\t<\/div>\n\t\t\t\t\t<\/div>\n\t\t\t\t<\/div>\n\t\t<div class=\"elementor-element elementor-element-53b9554 e-flex e-con-boxed e-con e-parent\" data-id=\"53b9554\" data-element_type=\"container\" data-e-type=\"container\">\n\t\t\t\t\t<div class=\"e-con-inner\">\n\t\t\t\t<div class=\"elementor-element elementor-element-46b5c6a elementor-widget elementor-widget-text-editor\" data-id=\"46b5c6a\" data-element_type=\"widget\" data-e-type=\"widget\" data-widget_type=\"text-editor.default\">\n\t\t\t\t\t\t\t\t\t<p style=\"font-weight: 400;\">Espressione della costante <b>ricerca stilistica e capacit\u00e0 produttiva <\/b>di Key Cucine, Methis si presenta come una narrazione visiva della flessibilit\u00e0 del brand. Il cuore del progetto \u00e8 l&#8217;isola monolitica in <b>Rovere Fossile Coffee<\/b>, sormontata da un piano in <b>Marmo Calacatta Iron <\/b>che ne esalta la monumentalit\u00e0. La vera evoluzione risiede nei dettagli tecnici che sfidano gli standard del settore: le <b>vetrine con ante rientranti in vetro <\/b>offrono una nuova interpretazione dello spazio contenitivo, mentre la zona living si ammorbidisce in linee curve e sinuose. Methis fonde l&#8217;eleganza di una cucina &#8220;su misura&#8221; con la forza materica del <b>metallo liquido City Bronze<\/b>, creando un ambiente fluido in cui la cucina diventa un&#8217;estensione naturale dell&#8217;architettura del vivere.<\/p><h5>\u00a0<\/h5><h5><strong>THE UNIQUE DETAIL<\/strong><\/h5><p style=\"font-weight: 400;\">La sperimentazione di nuovi volumi nell&#8217;area living, dove gli elementi curvi e le laccature speciali donano una morbidezza inedita alla composizione, celando tecnicismi evoluti come lo zoccolo invisibile.<\/p><h5><strong>\u00a0<\/strong><\/h5><h5><strong>MATERIALS<\/strong><\/h5><div><p class=\"Textbody\">Marmo Calacatta Iron, Legno Rovere Fossile Coffee, Laccato Metallo Liquido City Bronze.<\/p><\/div>\t\t\t\t\t\t\t\t<\/div>\n\t\t\t\t\t<\/div>\n\t\t\t\t<\/div>\n\t\t\t\t<\/div>","protected":false},"excerpt":{"rendered":"<p>Methis Espressione della costante ricerca stilistica e capacit\u00e0 produttiva di Key Cucine, Methis si presenta come una narrazione visiva della flessibilit\u00e0 del brand. Il cuore del progetto \u00e8 l&#8217;isola monolitica in Rovere Fossile Coffee, sormontata da un piano in Marmo Calacatta Iron che ne esalta la monumentalit\u00e0. La vera evoluzione risiede nei dettagli tecnici che [&hellip;]<\/p>\n","protected":false},"author":1,"featured_media":0,"parent":0,"menu_order":0,"comment_status":"closed","ping_status":"closed","template":"","meta":{"footnotes":""},"class_list":["post-1196","page","type-page","status-publish","hentry"],"_links":{"self":[{"href":"https:\/\/www.keysbabo.com\/en\/wp-json\/wp\/v2\/pages\/1196","targetHints":{"allow":["GET"]}}],"collection":[{"href":"https:\/\/www.keysbabo.com\/en\/wp-json\/wp\/v2\/pages"}],"about":[{"href":"https:\/\/www.keysbabo.com\/en\/wp-json\/wp\/v2\/types\/page"}],"author":[{"embeddable":true,"href":"https:\/\/www.keysbabo.com\/en\/wp-json\/wp\/v2\/users\/1"}],"replies":[{"embeddable":true,"href":"https:\/\/www.keysbabo.com\/en\/wp-json\/wp\/v2\/comments?post=1196"}],"version-history":[{"count":13,"href":"https:\/\/www.keysbabo.com\/en\/wp-json\/wp\/v2\/pages\/1196\/revisions"}],"predecessor-version":[{"id":1646,"href":"https:\/\/www.keysbabo.com\/en\/wp-json\/wp\/v2\/pages\/1196\/revisions\/1646"}],"wp:attachment":[{"href":"https:\/\/www.keysbabo.com\/en\/wp-json\/wp\/v2\/media?parent=1196"}],"curies":[{"name":"wp","href":"https:\/\/api.w.org\/{rel}","templated":true}]}}